{"id":2071,"date":"2024-12-18T13:33:58","date_gmt":"2024-12-18T12:33:58","guid":{"rendered":"https:\/\/celine-perrin.fr\/?page_id=2071"},"modified":"2025-01-10T22:13:55","modified_gmt":"2025-01-10T21:13:55","slug":"ergotherapie","status":"publish","type":"page","link":"https:\/\/celine-perrin.fr\/?page_id=2071","title":{"rendered":"Ergoth\u00e9rapie"},"content":{"rendered":"\t\t<div data-elementor-type=\"wp-page\" data-elementor-id=\"2071\" class=\"elementor elementor-2071\">\n\t\t\t\t<div class=\"elementor-element elementor-element-e422068 e-flex e-con-boxed e-con e-parent\" data-id=\"e422068\" data-element_type=\"container\" data-e-type=\"container\">\n\t\t\t\t\t<div class=\"e-con-inner\">\n\t\t\t\t<div class=\"elementor-element elementor-element-112d7c9 elementor-widget elementor-widget-text-editor\" data-id=\"112d7c9\" data-element_type=\"widget\" data-e-type=\"widget\" data-widget_type=\"text-editor.default\">\n\t\t\t\t<div class=\"elementor-widget-container\">\n\t\t\t\t\t\t\t\t\t<div id=\"comp-jdu092kl\" class=\"HcOXKn SxM0TO QxJLC3 lq2cno YQcXTT comp-jdu092kl wixui-rich-text\" data-testid=\"richTextElement\">\n<h5>L&rsquo;ergoth\u00e9rapie<\/h5>\n<p class=\"font_8 wixui-rich-text__text\"><span class=\"wixui-rich-text__text\">L&rsquo;ergoth\u00e9rapie est une&nbsp;profession param\u00e9dicale&nbsp;inscrite au livre IV du Code de la Sant\u00e9 Publique.&nbsp;<\/span><\/p>\n<p class=\"font_8 wixui-rich-text__text\"><span class=\"wixui-rich-text__text\">L&rsquo;ergoth\u00e9rapie est une profession qui fonde sa pratique sur&nbsp;l&rsquo;Occupation Humaine et la sant\u00e9. Elle fait le lien entre&nbsp;la&nbsp;personne, son environnement (humain, social, architectural) et ses occupations.&nbsp;<\/span><\/p>\n<p class=\"font_8 wixui-rich-text__text\"><span class=\"wixui-rich-text__text\">L&rsquo;objectif de l&rsquo;ergoth\u00e9rapeute et d&rsquo;un suivi en ergoth\u00e9rapie est&nbsp;de&nbsp;permettre \u00e0 une personne de pouvoir r\u00e9aliser de mani\u00e8re satisfaisante et s\u00e9curitaire, ses activit\u00e9s quotidiennes.&nbsp;<\/span><\/p>\n<p class=\"font_8 wixui-rich-text__text\"><span class=\"wixui-rich-text__text\">&nbsp;<\/span><\/p>\n<\/div>\n<div id=\"comp-ke2jznx1\" class=\"HcOXKn SxM0TO QxJLC3 lq2cno YQcXTT comp-ke2jznx1 wixui-rich-text\" data-testid=\"richTextElement\">\n<h5 class=\"font_8 wixui-rich-text__text\"><span class=\"wixui-rich-text__text\"><strong>Qu&rsquo;est-ce que l&rsquo;occupation humaine<\/strong><strong>&nbsp;?&nbsp;<\/strong><\/span><\/h5>\n<h5 class=\"font_8 wixui-rich-text__text\"><span class=\"wixui-rich-text__text\"><br class=\"wixui-rich-text__text\"><img fetchpriority=\"high\" decoding=\"async\" class=\"aligncenter\" src=\"https:\/\/static.wixstatic.com\/media\/e4638f_963bbe32f63042e89719c3f049a53aa6~mv2.png\/v1\/fill\/w_381,h_269,al_c,q_85,usm_0.66_1.00_0.01,enc_avif,quality_auto\/ergo%20occupation_PNG.png\" srcset=\"https:\/\/static.wixstatic.com\/media\/e4638f_963bbe32f63042e89719c3f049a53aa6~mv2.png\/v1\/fill\/w_381,h_269,al_c,q_85,usm_0.66_1.00_0.01,enc_avif,quality_auto\/ergo%20occupation_PNG.png 1x, https:\/\/static.wixstatic.com\/media\/e4638f_963bbe32f63042e89719c3f049a53aa6~mv2.png\/v1\/fill\/w_762,h_538,al_c,q_90,usm_0.66_1.00_0.01,enc_avif,quality_auto\/ergo%20occupation_PNG.png 2x\" alt=\"ergo occupation.PNG\" width=\"381\" height=\"269\"><\/span><\/h5>\n<p class=\"font_8 wixui-rich-text__text\"><span class=\"wixui-rich-text__text\">L&rsquo;occupation humaine regroupe les activit\u00e9s que r\u00e9alisent les personnes, qui ont un sens pour elles et leur donnent un r\u00f4le, dans leur contexte environnemental et socio-culturel.&nbsp;<br class=\"wixui-rich-text__text\"><br class=\"wixui-rich-text__text\">L&rsquo;occupation peut \u00eatre productive (travail, faire les courses, \u00e9crire une le\u00e7on&#8230;), de loisirs\/repos (jeux, lecture, jardinage..), de soins personnels (se laver, s&rsquo;habiller, se brosser les dents &#8230;)&nbsp;<\/span><\/p>\n<\/div>\t\t\t\t\t\t\t\t<\/div>\n\t\t\t\t<\/div>\n\t\t\t\t\t<\/div>\n\t\t\t\t<\/div>\n\t\t<div class=\"elementor-element elementor-element-7f32a36 e-flex e-con-boxed e-con e-parent\" data-id=\"7f32a36\" data-element_type=\"container\" data-e-type=\"container\">\n\t\t\t\t\t<div class=\"e-con-inner\">\n\t\t<div class=\"elementor-element elementor-element-34329ec e-con-full e-flex e-con e-child\" data-id=\"34329ec\" data-element_type=\"container\" data-e-type=\"container\">\n\t\t\t\t<div class=\"elementor-element elementor-element-54974e9 elementor-widget elementor-widget-text-editor\" data-id=\"54974e9\" data-element_type=\"widget\" data-e-type=\"widget\" data-widget_type=\"text-editor.default\">\n\t\t\t\t<div class=\"elementor-widget-container\">\n\t\t\t\t\t\t\t\t\t<h5>Les approches en ergoth\u00e9rapie\u00a0<\/h5><p class=\"font_8 wixui-rich-text__text\" style=\"text-align: left;\"><span class=\"wixui-rich-text__text\">L&rsquo;ergoth\u00e9rapeute intervient selon 2 approches compl\u00e9mentaires:<\/span><\/p><p style=\"text-align: center;\">\u00a0<\/p>\t\t\t\t\t\t\t\t<\/div>\n\t\t\t\t<\/div>\n\t\t\t\t<\/div>\n\t\t<div class=\"elementor-element elementor-element-9d5343e e-con-full e-flex e-con e-child\" data-id=\"9d5343e\" data-element_type=\"container\" data-e-type=\"container\">\n\t\t\t\t<div class=\"elementor-element elementor-element-3283f41 elementor-widget elementor-widget-text-editor\" data-id=\"3283f41\" data-element_type=\"widget\" data-e-type=\"widget\" data-widget_type=\"text-editor.default\">\n\t\t\t\t<div class=\"elementor-widget-container\">\n\t\t\t\t\t\t\t\t\t<h6 style=\"text-align: center;\">Approche bottom-up<\/h6><p><img decoding=\"async\" class=\"aligncenter\" src=\"https:\/\/cdn-icons-png.flaticon.com\/512\/64\/64797.png\" alt=\"Fl\u00e8che vers le haut - Ic\u00f4nes fl\u00e8ches gratuites\" width=\"111\" height=\"111\" \/><\/p><p>C&rsquo;est une approche ascendante o\u00f9 l&rsquo;on consid\u00e8re en premier lieu les capacit\u00e9s de la personne. L&rsquo;ergoth\u00e9rapeute cherche donc \u00e0 travailler sur les fonctions d\u00e9ficitaires de la personne afin de lui permettre de progresser et d&rsquo;augmenter ses capacit\u00e9s et ses performances dans ses activit\u00e9s de la vie quotidienne.<\/p>\t\t\t\t\t\t\t\t<\/div>\n\t\t\t\t<\/div>\n\t\t\t\t<\/div>\n\t\t<div class=\"elementor-element elementor-element-cec5da5 e-con-full e-flex e-con e-child\" data-id=\"cec5da5\" data-element_type=\"container\" data-e-type=\"container\">\n\t\t\t\t<div class=\"elementor-element elementor-element-7a9d394 elementor-widget elementor-widget-text-editor\" data-id=\"7a9d394\" data-element_type=\"widget\" data-e-type=\"widget\" data-widget_type=\"text-editor.default\">\n\t\t\t\t<div class=\"elementor-widget-container\">\n\t\t\t\t\t\t\t\t\t<div class=\"elementor-element elementor-element-7f1c2e1 elementor-widget elementor-widget-heading\" data-id=\"7f1c2e1\" data-element_type=\"widget\" data-settings=\"{&quot;_animation&quot;:&quot;none&quot;}\" data-widget_type=\"heading.default\"><div class=\"elementor-widget-container\"><h6 class=\"elementor-heading-title elementor-size-default\" style=\"text-align: center;\">Approche Top-Down<\/h6><\/div><\/div><div class=\"elementor-element elementor-element-3be134f elementor-widget elementor-widget-pp-divider\" data-id=\"3be134f\" data-element_type=\"widget\" data-widget_type=\"pp-divider.default\"><div class=\"elementor-widget-container\"><div class=\"pp-divider-wrap\"><img decoding=\"async\" class=\"aligncenter\" src=\"https:\/\/static.vecteezy.com\/system\/resources\/thumbnails\/012\/037\/701\/small\/arrow-drawing-with-transparent-background-comic-type-illustration-png.png\" alt=\"Fl\u00e8che Bas PNG pour t\u00e9l\u00e9chargement gratuit\" width=\"182\" height=\"182\" \/><\/div><\/div><\/div><div class=\"elementor-element elementor-element-f76e036 elementor-widget elementor-widget-text-editor\" data-id=\"f76e036\" data-element_type=\"widget\" data-widget_type=\"text-editor.default\"><div class=\"elementor-widget-container\"><div class=\"elementor-text-editor elementor-clearfix\"><p>C\u2019est une approche descendante, o\u00f9 l\u2019on cherche en premier lieu \u00e0 augmenter les performances d\u2019une personne dans une activit\u00e9 qui lui pose probl\u00e8me.<\/p><p>L\u2019ergoth\u00e9rapeute travaille ainsi directement sur l&rsquo;activit\u00e9 probl\u00e9matique plut\u00f4t que sur les fonctions d\u00e9ficitaires qui pourraient impacter la r\u00e9alisation de l&rsquo;activit\u00e9.<\/p><\/div><\/div><\/div>\t\t\t\t\t\t\t\t<\/div>\n\t\t\t\t<\/div>\n\t\t\t\t<\/div>\n\t\t\t\t\t<\/div>\n\t\t\t\t<\/div>\n\t\t<div class=\"elementor-element elementor-element-87cdbc2 e-flex e-con-boxed e-con e-parent\" data-id=\"87cdbc2\" data-element_type=\"container\" data-e-type=\"container\">\n\t\t\t\t\t<div class=\"e-con-inner\">\n\t\t\t\t<div class=\"elementor-element elementor-element-5ebabe6 elementor-widget elementor-widget-text-editor\" data-id=\"5ebabe6\" data-element_type=\"widget\" data-e-type=\"widget\" data-widget_type=\"text-editor.default\">\n\t\t\t\t<div class=\"elementor-widget-container\">\n\t\t\t\t\t\t\t\t\t<p>Les 2 approches sont compl\u00e9mentaires et ont la m\u00eame finalit\u00e9 : am\u00e9liorer les performances de la personne dans les activit\u00e9s signifiantes pour elle.<\/p><p>Pour choisir son approche, l\u2019ergoth\u00e9rapeute se base donc sur la volont\u00e9 de la personne, ses forces et ses faiblesses, son profil en g\u00e9n\u00e9ral. Puis gr\u00e2ce \u00e0 son exp\u00e9rience et son expertise, il peut \u00e9tablir un plan d\u2019intervention avec une finalit\u00e9, des objectifs et des moyens th\u00e9rapeutiques adapt\u00e9 \u00e0 la situation.<\/p>\t\t\t\t\t\t\t\t<\/div>\n\t\t\t\t<\/div>\n\t\t\t\t\t<\/div>\n\t\t\t\t<\/div>\n\t\t<div class=\"elementor-element elementor-element-464e789 e-flex e-con-boxed e-con e-parent\" data-id=\"464e789\" data-element_type=\"container\" data-e-type=\"container\">\n\t\t\t\t\t<div class=\"e-con-inner\">\n\t\t\t\t<div class=\"elementor-element elementor-element-9719b1d elementor-widget elementor-widget-button\" data-id=\"9719b1d\" data-element_type=\"widget\" data-e-type=\"widget\" data-widget_type=\"button.default\">\n\t\t\t\t<div class=\"elementor-widget-container\">\n\t\t\t\t\t\t\t\t\t<div class=\"elementor-button-wrapper\">\n\t\t\t\t\t<a class=\"elementor-button elementor-button-link elementor-size-sm\" href=\"https:\/\/celine-perrin.fr\/?page_id=2140\">\n\t\t\t\t\t\t<span class=\"elementor-button-content-wrapper\">\n\t\t\t\t\t\t\t\t\t<span class=\"elementor-button-text\">En savoir plus<\/span>\n\t\t\t\t\t<\/span>\n\t\t\t\t\t<\/a>\n\t\t\t\t<\/div>\n\t\t\t\t\t\t\t\t<\/div>\n\t\t\t\t<\/div>\n\t\t\t\t\t<\/div>\n\t\t\t\t<\/div>\n\t\t\t\t<\/div>\n\t\t","protected":false},"excerpt":{"rendered":"<p>L&rsquo;ergoth\u00e9rapie L&rsquo;ergoth\u00e9rapie est une&nbsp;profession param\u00e9dicale&nbsp;inscrite au livre IV du Code de la Sant\u00e9 Publique.&nbsp; L&rsquo;ergoth\u00e9rapie est une profession qui fonde sa pratique sur&nbsp;l&rsquo;Occupation Humaine et la sant\u00e9. Elle fait le lien entre&nbsp;la&nbsp;personne, son environnement (humain, social, architectural) et ses occupations.&nbsp; L&rsquo;objectif de l&rsquo;ergoth\u00e9rapeute et d&rsquo;un suivi en ergoth\u00e9rapie est&nbsp;de&nbsp;permettre \u00e0 une personne de pouvoir r\u00e9aliser [&hellip;]<\/p>\n","protected":false},"author":1,"featured_media":0,"parent":0,"menu_order":0,"comment_status":"closed","ping_status":"closed","template":"","meta":{"om_disable_all_campaigns":false,"_monsterinsights_skip_tracking":false,"_monsterinsights_sitenote_active":false,"_monsterinsights_sitenote_note":"","_monsterinsights_sitenote_category":0,"site-sidebar-layout":"no-sidebar","site-content-layout":"page-builder","ast-site-content-layout":"full-width-container","site-content-style":"default","site-sidebar-style":"default","ast-global-header-display":"","ast-banner-title-visibility":"","ast-main-header-display":"","ast-hfb-above-header-display":"","ast-hfb-below-header-display":"","ast-hfb-mobile-header-display":"","site-post-title":"disabled","ast-breadcrumbs-content":"","ast-featured-img":"disabled","footer-sml-layout":"","ast-disable-related-posts":"","theme-transparent-header-meta":"","adv-header-id-meta":"","stick-header-meta":"","header-above-stick-meta":"","header-main-stick-meta":"","header-below-stick-meta":"","astra-migrate-meta-layouts":"set","ast-page-background-enabled":"default","ast-page-background-meta":{"desktop":{"background-color":"","background-image":"","background-repeat":"repeat","background-position":"center center","background-size":"auto","background-attachment":"scroll","background-type":"","background-media":"","overlay-type":"","overlay-color":"","overlay-opacity":"","overlay-gradient":""},"tablet":{"background-color":"","background-image":"","background-repeat":"repeat","background-position":"center center","background-size":"auto","background-attachment":"scroll","background-type":"","background-media":"","overlay-type":"","overlay-color":"","overlay-opacity":"","overlay-gradient":""},"mobile":{"background-color":"","background-image":"","background-repeat":"repeat","background-position":"center center","background-size":"auto","background-attachment":"scroll","background-type":"","background-media":"","overlay-type":"","overlay-color":"","overlay-opacity":"","overlay-gradient":""}},"ast-content-background-meta":{"desktop":{"background-color":"var(--ast-global-color-5)","background-image":"","background-repeat":"repeat","background-position":"center center","background-size":"auto","background-attachment":"scroll","background-type":"","background-media":"","overlay-type":"","overlay-color":"","overlay-opacity":"","overlay-gradient":""},"tablet":{"background-color":"var(--ast-global-color-5)","background-image":"","background-repeat":"repeat","background-position":"center center","background-size":"auto","background-attachment":"scroll","background-type":"","background-media":"","overlay-type":"","overlay-color":"","overlay-opacity":"","overlay-gradient":""},"mobile":{"background-color":"var(--ast-global-color-5)","background-image":"","background-repeat":"repeat","background-position":"center center","background-size":"auto","background-attachment":"scroll","background-type":"","background-media":"","overlay-type":"","overlay-color":"","overlay-opacity":"","overlay-gradient":""}},"footnotes":""},"class_list":["post-2071","page","type-page","status-publish","hentry"],"aioseo_notices":[],"_links":{"self":[{"href":"https:\/\/celine-perrin.fr\/index.php?rest_route=\/wp\/v2\/pages\/2071","targetHints":{"allow":["GET"]}}],"collection":[{"href":"https:\/\/celine-perrin.fr\/index.php?rest_route=\/wp\/v2\/pages"}],"about":[{"href":"https:\/\/celine-perrin.fr\/index.php?rest_route=\/wp\/v2\/types\/page"}],"author":[{"embeddable":true,"href":"https:\/\/celine-perrin.fr\/index.php?rest_route=\/wp\/v2\/users\/1"}],"replies":[{"embeddable":true,"href":"https:\/\/celine-perrin.fr\/index.php?rest_route=%2Fwp%2Fv2%2Fcomments&post=2071"}],"version-history":[{"count":40,"href":"https:\/\/celine-perrin.fr\/index.php?rest_route=\/wp\/v2\/pages\/2071\/revisions"}],"predecessor-version":[{"id":2301,"href":"https:\/\/celine-perrin.fr\/index.php?rest_route=\/wp\/v2\/pages\/2071\/revisions\/2301"}],"wp:attachment":[{"href":"https:\/\/celine-perrin.fr\/index.php?rest_route=%2Fwp%2Fv2%2Fmedia&parent=2071"}],"curies":[{"name":"wp","href":"https:\/\/api.w.org\/{rel}","templated":true}]}}