{"id":2091,"date":"2024-12-18T14:51:41","date_gmt":"2024-12-18T13:51:41","guid":{"rendered":"https:\/\/celine-perrin.fr\/?page_id=2091"},"modified":"2024-12-30T21:35:41","modified_gmt":"2024-12-30T20:35:41","slug":"les-indications","status":"publish","type":"page","link":"https:\/\/celine-perrin.fr\/?page_id=2091","title":{"rendered":"Les indications"},"content":{"rendered":"\t\t<div data-elementor-type=\"wp-page\" data-elementor-id=\"2091\" class=\"elementor elementor-2091\">\n\t\t\t\t<div class=\"elementor-element elementor-element-90d3ca1 e-con-full e-flex e-con e-parent\" data-id=\"90d3ca1\" data-element_type=\"container\" data-e-type=\"container\">\n\t\t\t\t<div class=\"elementor-element elementor-element-45efb02 elementor-widget elementor-widget-heading\" data-id=\"45efb02\" data-element_type=\"widget\" data-e-type=\"widget\" data-widget_type=\"heading.default\">\n\t\t\t\t<div class=\"elementor-widget-container\">\n\t\t\t\t\t<h2 class=\"elementor-heading-title elementor-size-default\">Pourquoi \u00eatre accompagn\u00e9 en ma\u00efeusth\u00e9sie?<\/h2>\t\t\t\t<\/div>\n\t\t\t\t<\/div>\n\t\t\t\t<div class=\"elementor-element elementor-element-9f7746a elementor-widget__width-initial elementor-widget-divider--view-line elementor-widget elementor-widget-divider\" data-id=\"9f7746a\" data-element_type=\"widget\" data-e-type=\"widget\" data-widget_type=\"divider.default\">\n\t\t\t\t<div class=\"elementor-widget-container\">\n\t\t\t\t\t\t\t<div class=\"elementor-divider\">\n\t\t\t<span class=\"elementor-divider-separator\">\n\t\t\t\t\t\t<\/span>\n\t\t<\/div>\n\t\t\t\t\t\t<\/div>\n\t\t\t\t<\/div>\n\t\t\t\t<\/div>\n\t\t<div class=\"elementor-element elementor-element-3dc7225 e-flex e-con-boxed e-con e-parent\" data-id=\"3dc7225\" data-element_type=\"container\" data-e-type=\"container\">\n\t\t\t\t\t<div class=\"e-con-inner\">\n\t\t\t\t<div class=\"elementor-element elementor-element-06254ad elementor-widget elementor-widget-text-editor\" data-id=\"06254ad\" data-element_type=\"widget\" data-e-type=\"widget\" data-widget_type=\"text-editor.default\">\n\t\t\t\t<div class=\"elementor-widget-container\">\n\t\t\t\t\t\t\t\t\t<h5>\u00a0<\/h5><h5 style=\"text-align: center;\">Les raisons peuvent \u00eatre multiples<\/h5>\t\t\t\t\t\t\t\t<\/div>\n\t\t\t\t<\/div>\n\t\t\t\t\t<\/div>\n\t\t\t\t<\/div>\n\t\t<div class=\"elementor-element elementor-element-163dbc3 e-flex e-con-boxed e-con e-parent\" data-id=\"163dbc3\" data-element_type=\"container\" data-e-type=\"container\">\n\t\t\t\t\t<div class=\"e-con-inner\">\n\t\t<div class=\"elementor-element elementor-element-e5643fd e-con-full e-flex e-con e-child\" data-id=\"e5643fd\" data-element_type=\"container\" data-e-type=\"container\">\n\t\t\t\t<div class=\"elementor-element elementor-element-f064afb elementor-widget elementor-widget-image\" data-id=\"f064afb\" data-element_type=\"widget\" data-e-type=\"widget\" data-widget_type=\"image.default\">\n\t\t\t\t<div class=\"elementor-widget-container\">\n\t\t\t\t\t\t\t\t\t\t\t\t\t\t\t<img fetchpriority=\"high\" decoding=\"async\" width=\"300\" height=\"200\" src=\"https:\/\/celine-perrin.fr\/wp-content\/uploads\/2023\/11\/suicide-5127103_1280-300x200.jpg\" class=\"attachment-medium size-medium wp-image-1656\" alt=\"\" srcset=\"https:\/\/celine-perrin.fr\/wp-content\/uploads\/2023\/11\/suicide-5127103_1280-300x200.jpg 300w, https:\/\/celine-perrin.fr\/wp-content\/uploads\/2023\/11\/suicide-5127103_1280-1024x682.jpg 1024w, https:\/\/celine-perrin.fr\/wp-content\/uploads\/2023\/11\/suicide-5127103_1280-768x512.jpg 768w, https:\/\/celine-perrin.fr\/wp-content\/uploads\/2023\/11\/suicide-5127103_1280-600x400.jpg 600w, https:\/\/celine-perrin.fr\/wp-content\/uploads\/2023\/11\/suicide-5127103_1280.jpg 1280w\" sizes=\"(max-width: 300px) 100vw, 300px\" \/>\t\t\t\t\t\t\t\t\t\t\t\t\t\t\t<\/div>\n\t\t\t\t<\/div>\n\t\t\t\t<\/div>\n\t\t<div class=\"elementor-element elementor-element-11c809c e-con-full e-flex e-con e-child\" data-id=\"11c809c\" data-element_type=\"container\" data-e-type=\"container\">\n\t\t<div class=\"elementor-element elementor-element-bc4ca69 e-con-full e-flex e-con e-child\" data-id=\"bc4ca69\" data-element_type=\"container\" data-e-type=\"container\">\n\t\t\t\t<div class=\"elementor-element elementor-element-e835f6c elementor-widget elementor-widget-text-editor\" data-id=\"e835f6c\" data-element_type=\"widget\" data-e-type=\"widget\" data-widget_type=\"text-editor.default\">\n\t\t\t\t<div class=\"elementor-widget-container\">\n\t\t\t\t\t\t\t\t\t<h6 style=\"text-align: left;\">Psychologiques<\/h6><p>Stress, angoisses, d\u00e9pression, manque de confiance en soi,\u00a0 addictions,\u00a0 difficult\u00e9s diverses&#8230;<\/p>\t\t\t\t\t\t\t\t<\/div>\n\t\t\t\t<\/div>\n\t\t\t\t<\/div>\n\t\t<div class=\"elementor-element elementor-element-9da59a6 e-con-full e-flex e-con e-child\" data-id=\"9da59a6\" data-element_type=\"container\" data-e-type=\"container\">\n\t\t\t\t<div class=\"elementor-element elementor-element-678f167 elementor-widget elementor-widget-text-editor\" data-id=\"678f167\" data-element_type=\"widget\" data-e-type=\"widget\" data-widget_type=\"text-editor.default\">\n\t\t\t\t<div class=\"elementor-widget-container\">\n\t\t\t\t\t\t\t\t\t<h6><strong>Relationnelles<\/strong><\/h6><p style=\"font-style: inherit; font-weight: inherit;\">\u00a0Col\u00e8res r\u00e9currentes, conflits \u00e0 r\u00e9p\u00e9tition, sentiment de victime, difficult\u00e9 \u00e0 dire, \u00e0 \u00eatre avec les autres, probl\u00e8mes de couple\u2026<\/p>\t\t\t\t\t\t\t\t<\/div>\n\t\t\t\t<\/div>\n\t\t\t\t<\/div>\n\t\t\t\t<\/div>\n\t\t\t\t\t<\/div>\n\t\t\t\t<\/div>\n\t\t<div class=\"elementor-element elementor-element-2fc1deb e-flex e-con-boxed e-con e-parent\" data-id=\"2fc1deb\" data-element_type=\"container\" data-e-type=\"container\">\n\t\t\t\t\t<div class=\"e-con-inner\">\n\t\t<div class=\"elementor-element elementor-element-ad99d58 e-con-full e-flex e-con e-child\" data-id=\"ad99d58\" data-element_type=\"container\" data-e-type=\"container\">\n\t\t<div class=\"elementor-element elementor-element-73ba9d3 e-con-full e-flex e-con e-child\" data-id=\"73ba9d3\" data-element_type=\"container\" data-e-type=\"container\">\n\t\t\t\t<div class=\"elementor-element elementor-element-9269a92 elementor-widget elementor-widget-text-editor\" data-id=\"9269a92\" data-element_type=\"widget\" data-e-type=\"widget\" data-widget_type=\"text-editor.default\">\n\t\t\t\t<div class=\"elementor-widget-container\">\n\t\t\t\t\t\t\t\t\t<h6><strong>Li\u00e9es au corps<\/strong><\/h6><p style=\"font-style: inherit; font-weight: inherit;\">Douleurs, probl\u00e8mes de sommeil, sentiment d&rsquo;\u00eatre coup\u00e9 de soi&#8230;<\/p>\t\t\t\t\t\t\t\t<\/div>\n\t\t\t\t<\/div>\n\t\t\t\t<\/div>\n\t\t<div class=\"elementor-element elementor-element-2998dbe e-con-full e-flex e-con e-child\" data-id=\"2998dbe\" data-element_type=\"container\" data-e-type=\"container\">\n\t\t\t\t<div class=\"elementor-element elementor-element-c25f30d elementor-widget elementor-widget-text-editor\" data-id=\"c25f30d\" data-element_type=\"widget\" data-e-type=\"widget\" data-widget_type=\"text-editor.default\">\n\t\t\t\t<div class=\"elementor-widget-container\">\n\t\t\t\t\t\t\t\t\t<h6><strong>Li\u00e9es \u00e0 des \u00e9v\u00e8nements<\/strong><\/h6><p style=\"font-style: inherit; font-weight: inherit;\">\u00a0Traumatisme, accident, perte, deuil, s\u00e9paration, transition de vie\u2026<\/p>\t\t\t\t\t\t\t\t<\/div>\n\t\t\t\t<\/div>\n\t\t\t\t<\/div>\n\t\t\t\t<\/div>\n\t\t<div class=\"elementor-element elementor-element-44a03cd e-con-full e-flex e-con e-child\" data-id=\"44a03cd\" data-element_type=\"container\" data-e-type=\"container\">\n\t\t\t\t<div class=\"elementor-element elementor-element-6bba3c8 elementor-widget elementor-widget-image\" data-id=\"6bba3c8\" data-element_type=\"widget\" data-e-type=\"widget\" data-widget_type=\"image.default\">\n\t\t\t\t<div class=\"elementor-widget-container\">\n\t\t\t\t\t\t\t\t\t\t\t\t\t\t\t<img decoding=\"async\" width=\"300\" height=\"200\" src=\"https:\/\/celine-perrin.fr\/wp-content\/uploads\/2023\/11\/scream-1819736_1280-300x200.jpg\" class=\"attachment-medium size-medium wp-image-1658\" alt=\"\" srcset=\"https:\/\/celine-perrin.fr\/wp-content\/uploads\/2023\/11\/scream-1819736_1280-300x200.jpg 300w, https:\/\/celine-perrin.fr\/wp-content\/uploads\/2023\/11\/scream-1819736_1280-1024x682.jpg 1024w, https:\/\/celine-perrin.fr\/wp-content\/uploads\/2023\/11\/scream-1819736_1280-768x512.jpg 768w, https:\/\/celine-perrin.fr\/wp-content\/uploads\/2023\/11\/scream-1819736_1280-600x400.jpg 600w, https:\/\/celine-perrin.fr\/wp-content\/uploads\/2023\/11\/scream-1819736_1280.jpg 1280w\" sizes=\"(max-width: 300px) 100vw, 300px\" \/>\t\t\t\t\t\t\t\t\t\t\t\t\t\t\t<\/div>\n\t\t\t\t<\/div>\n\t\t\t\t<\/div>\n\t\t\t\t\t<\/div>\n\t\t\t\t<\/div>\n\t\t<div class=\"elementor-element elementor-element-691934e e-flex e-con-boxed e-con e-parent\" data-id=\"691934e\" data-element_type=\"container\" data-e-type=\"container\">\n\t\t\t\t\t<div class=\"e-con-inner\">\n\t\t\t\t<div class=\"elementor-element elementor-element-c4dc140 elementor-widget elementor-widget-text-editor\" data-id=\"c4dc140\" data-element_type=\"widget\" data-e-type=\"widget\" data-widget_type=\"text-editor.default\">\n\t\t\t\t<div class=\"elementor-widget-container\">\n\t\t\t\t\t\t\t\t\t<h6>Ou encore :<\/h6><ul style=\"font-style: inherit; font-weight: inherit;\"><li style=\"font-style: inherit; font-weight: inherit;\">Vous vous sentez coinc\u00e9 dans certains comportements<\/li><li style=\"font-style: inherit; font-weight: inherit;\">Vous avez des r\u00e9actions qui vous surprennent (paroles, comportements, pulsions&#8230;)<\/li><li style=\"font-style: inherit; font-weight: inherit;\">Vous ressentez un mal \u00eatre profond, inhabituel, sans pouvoir vraiment mettre de mots dessus<\/li><\/ul>\t\t\t\t\t\t\t\t<\/div>\n\t\t\t\t<\/div>\n\t\t\t\t\t<\/div>\n\t\t\t\t<\/div>\n\t\t<div class=\"elementor-element elementor-element-2794256 e-flex e-con-boxed e-con e-parent\" data-id=\"2794256\" data-element_type=\"container\" data-e-type=\"container\">\n\t\t\t\t\t<div class=\"e-con-inner\">\n\t\t\t\t<div class=\"elementor-element elementor-element-e2160d2 elementor-align-center elementor-widget elementor-widget-button\" data-id=\"e2160d2\" data-element_type=\"widget\" data-e-type=\"widget\" data-widget_type=\"button.default\">\n\t\t\t\t<div class=\"elementor-widget-container\">\n\t\t\t\t\t\t\t\t\t<div class=\"elementor-button-wrapper\">\n\t\t\t\t\t<a class=\"elementor-button elementor-button-link elementor-size-sm\" href=\"https:\/\/celine-perrin.fr\/?page_id=1206\">\n\t\t\t\t\t\t<span class=\"elementor-button-content-wrapper\">\n\t\t\t\t\t\t\t\t\t<span class=\"elementor-button-text\">Prendre RDV<\/span>\n\t\t\t\t\t<\/span>\n\t\t\t\t\t<\/a>\n\t\t\t\t<\/div>\n\t\t\t\t\t\t\t\t<\/div>\n\t\t\t\t<\/div>\n\t\t\t\t\t<\/div>\n\t\t\t\t<\/div>\n\t\t\t\t<\/div>\n\t\t","protected":false},"excerpt":{"rendered":"<p>Pourquoi \u00eatre accompagn\u00e9 en ma\u00efeusth\u00e9sie? \u00a0 Les raisons peuvent \u00eatre multiples Psychologiques Stress, angoisses, d\u00e9pression, manque de confiance en soi,\u00a0 addictions,\u00a0 difficult\u00e9s diverses&#8230; Relationnelles \u00a0Col\u00e8res r\u00e9currentes, conflits \u00e0 r\u00e9p\u00e9tition, sentiment de victime, difficult\u00e9 \u00e0 dire, \u00e0 \u00eatre avec les autres, probl\u00e8mes de couple\u2026 Li\u00e9es au corps Douleurs, probl\u00e8mes de sommeil, sentiment d&rsquo;\u00eatre coup\u00e9 de soi&#8230; [&hellip;]<\/p>\n","protected":false},"author":1,"featured_media":0,"parent":0,"menu_order":0,"comment_status":"closed","ping_status":"closed","template":"","meta":{"om_disable_all_campaigns":false,"_monsterinsights_skip_tracking":false,"_monsterinsights_sitenote_active":false,"_monsterinsights_sitenote_note":"","_monsterinsights_sitenote_category":0,"site-sidebar-layout":"no-sidebar","site-content-layout":"page-builder","ast-site-content-layout":"full-width-container","site-content-style":"default","site-sidebar-style":"default","ast-global-header-display":"","ast-banner-title-visibility":"","ast-main-header-display":"","ast-hfb-above-header-display":"","ast-hfb-below-header-display":"","ast-hfb-mobile-header-display":"","site-post-title":"disabled","ast-breadcrumbs-content":"","ast-featured-img":"disabled","footer-sml-layout":"","ast-disable-related-posts":"","theme-transparent-header-meta":"","adv-header-id-meta":"","stick-header-meta":"","header-above-stick-meta":"","header-main-stick-meta":"","header-below-stick-meta":"","astra-migrate-meta-layouts":"set","ast-page-background-enabled":"default","ast-page-background-meta":{"desktop":{"background-color":"","background-image":"","background-repeat":"repeat","background-position":"center center","background-size":"auto","background-attachment":"scroll","background-type":"","background-media":"","overlay-type":"","overlay-color":"","overlay-opacity":"","overlay-gradient":""},"tablet":{"background-color":"","background-image":"","background-repeat":"repeat","background-position":"center center","background-size":"auto","background-attachment":"scroll","background-type":"","background-media":"","overlay-type":"","overlay-color":"","overlay-opacity":"","overlay-gradient":""},"mobile":{"background-color":"","background-image":"","background-repeat":"repeat","background-position":"center center","background-size":"auto","background-attachment":"scroll","background-type":"","background-media":"","overlay-type":"","overlay-color":"","overlay-opacity":"","overlay-gradient":""}},"ast-content-background-meta":{"desktop":{"background-color":"var(--ast-global-color-5)","background-image":"","background-repeat":"repeat","background-position":"center center","background-size":"auto","background-attachment":"scroll","background-type":"","background-media":"","overlay-type":"","overlay-color":"","overlay-opacity":"","overlay-gradient":""},"tablet":{"background-color":"var(--ast-global-color-5)","background-image":"","background-repeat":"repeat","background-position":"center center","background-size":"auto","background-attachment":"scroll","background-type":"","background-media":"","overlay-type":"","overlay-color":"","overlay-opacity":"","overlay-gradient":""},"mobile":{"background-color":"var(--ast-global-color-5)","background-image":"","background-repeat":"repeat","background-position":"center center","background-size":"auto","background-attachment":"scroll","background-type":"","background-media":"","overlay-type":"","overlay-color":"","overlay-opacity":"","overlay-gradient":""}},"footnotes":""},"class_list":["post-2091","page","type-page","status-publish","hentry"],"aioseo_notices":[],"_links":{"self":[{"href":"https:\/\/celine-perrin.fr\/index.php?rest_route=\/wp\/v2\/pages\/2091","targetHints":{"allow":["GET"]}}],"collection":[{"href":"https:\/\/celine-perrin.fr\/index.php?rest_route=\/wp\/v2\/pages"}],"about":[{"href":"https:\/\/celine-perrin.fr\/index.php?rest_route=\/wp\/v2\/types\/page"}],"author":[{"embeddable":true,"href":"https:\/\/celine-perrin.fr\/index.php?rest_route=\/wp\/v2\/users\/1"}],"replies":[{"embeddable":true,"href":"https:\/\/celine-perrin.fr\/index.php?rest_route=%2Fwp%2Fv2%2Fcomments&post=2091"}],"version-history":[{"count":23,"href":"https:\/\/celine-perrin.fr\/index.php?rest_route=\/wp\/v2\/pages\/2091\/revisions"}],"predecessor-version":[{"id":2282,"href":"https:\/\/celine-perrin.fr\/index.php?rest_route=\/wp\/v2\/pages\/2091\/revisions\/2282"}],"wp:attachment":[{"href":"https:\/\/celine-perrin.fr\/index.php?rest_route=%2Fwp%2Fv2%2Fmedia&parent=2091"}],"curies":[{"name":"wp","href":"https:\/\/api.w.org\/{rel}","templated":true}]}}