{"id":2140,"date":"2024-12-18T17:25:46","date_gmt":"2024-12-18T16:25:46","guid":{"rendered":"https:\/\/celine-perrin.fr\/?page_id=2140"},"modified":"2026-02-05T16:57:26","modified_gmt":"2026-02-05T15:57:26","slug":"les-indications-2","status":"publish","type":"page","link":"https:\/\/celine-perrin.fr\/?page_id=2140","title":{"rendered":"Les indications"},"content":{"rendered":"\t\t<div data-elementor-type=\"wp-page\" data-elementor-id=\"2140\" class=\"elementor elementor-2140\">\n\t\t\t\t<div class=\"elementor-element elementor-element-5d48484 e-flex e-con-boxed e-con e-parent\" data-id=\"5d48484\" data-element_type=\"container\" data-e-type=\"container\">\n\t\t\t\t\t<div class=\"e-con-inner\">\n\t\t\t\t<div class=\"elementor-element elementor-element-c0f195d elementor-widget elementor-widget-heading\" data-id=\"c0f195d\" data-element_type=\"widget\" data-e-type=\"widget\" data-widget_type=\"heading.default\">\n\t\t\t\t<div class=\"elementor-widget-container\">\n\t\t\t\t\t<h2 class=\"elementor-heading-title elementor-size-default\">Pour qui?<\/h2>\t\t\t\t<\/div>\n\t\t\t\t<\/div>\n\t\t\t\t<div class=\"elementor-element elementor-element-d5d77fa elementor-widget__width-initial elementor-widget-divider--view-line elementor-widget elementor-widget-divider\" data-id=\"d5d77fa\" data-element_type=\"widget\" data-e-type=\"widget\" data-widget_type=\"divider.default\">\n\t\t\t\t<div class=\"elementor-widget-container\">\n\t\t\t\t\t\t\t<div class=\"elementor-divider\">\n\t\t\t<span class=\"elementor-divider-separator\">\n\t\t\t\t\t\t<\/span>\n\t\t<\/div>\n\t\t\t\t\t\t<\/div>\n\t\t\t\t<\/div>\n\t\t\t\t\t<\/div>\n\t\t\t\t<\/div>\n\t\t<div class=\"elementor-element elementor-element-76550ca e-flex e-con-boxed e-con e-parent\" data-id=\"76550ca\" data-element_type=\"container\" data-e-type=\"container\">\n\t\t\t\t\t<div class=\"e-con-inner\">\n\t\t\t\t<div class=\"elementor-element elementor-element-748ff8b elementor-widget elementor-widget-text-editor\" data-id=\"748ff8b\" data-element_type=\"widget\" data-e-type=\"widget\" data-widget_type=\"text-editor.default\">\n\t\t\t\t<div class=\"elementor-widget-container\">\n\t\t\t\t\t\t\t\t\t<p>Je prends en charge les patients du<strong> tr\u00e8s jeune enfant<\/strong> <strong>\u00e0 la personne vieillissante<\/strong>.<\/p><p>Les troubles ou pathologies pour lesquelles je peux intervenir sont:<\/p><ul><li><span style=\"text-decoration: underline;\"><strong>Pour les enfants ou adolescents<\/strong><\/span>: Trouble du Neuro-D\u00e9veloppement (TSA, TDAH, TDC, TDI, troubles des apprentissages), retard de d\u00e9veloppement ayant un impact sur l&rsquo;autonomie, maladresse gestuelle, difficult\u00e9s au niveau de l&rsquo;\u00e9criture, difficult\u00e9s de traitement sensoriel, pathologie neurologique centrale (traumatisme cr\u00e2nien, paralysie c\u00e9r\u00e9brale&#8230;) ou p\u00e9riph\u00e9rique, maladie rare, traumatologie\/orthop\u00e9die&#8230;<\/li><li><span style=\"text-decoration: underline;\"><strong>Pour les adultes de tout \u00e2ge<\/strong><\/span>: pathologie neurologique centrale (traumatisme cr\u00e2nien, h\u00e9mipl\u00e9gie, parapl\u00e9gie, SEP, Parkinson&#8230;) ou p\u00e9riph\u00e9rique, rhumatologie, traumatologie\/orthop\u00e9die, perte d&rsquo;autonomie&#8230;<\/li><\/ul>\t\t\t\t\t\t\t\t<\/div>\n\t\t\t\t<\/div>\n\t\t\t\t\t<\/div>\n\t\t\t\t<\/div>\n\t\t<div class=\"elementor-element elementor-element-7ddaf6d e-flex e-con-boxed e-con e-parent\" data-id=\"7ddaf6d\" data-element_type=\"container\" data-e-type=\"container\">\n\t\t\t\t\t<div class=\"e-con-inner\">\n\t\t\t\t<div class=\"elementor-element elementor-element-7502d9c elementor-widget elementor-widget-heading\" data-id=\"7502d9c\" data-element_type=\"widget\" data-e-type=\"widget\" data-widget_type=\"heading.default\">\n\t\t\t\t<div class=\"elementor-widget-container\">\n\t\t\t\t\t<h2 class=\"elementor-heading-title elementor-size-default\">Quels sont les domaines d'intervention ?<\/h2>\t\t\t\t<\/div>\n\t\t\t\t<\/div>\n\t\t\t\t<div class=\"elementor-element elementor-element-50764b3 elementor-widget__width-initial elementor-widget-divider--view-line elementor-widget elementor-widget-divider\" data-id=\"50764b3\" data-element_type=\"widget\" data-e-type=\"widget\" data-widget_type=\"divider.default\">\n\t\t\t\t<div class=\"elementor-widget-container\">\n\t\t\t\t\t\t\t<div class=\"elementor-divider\">\n\t\t\t<span class=\"elementor-divider-separator\">\n\t\t\t\t\t\t<\/span>\n\t\t<\/div>\n\t\t\t\t\t\t<\/div>\n\t\t\t\t<\/div>\n\t\t\t\t\t<\/div>\n\t\t\t\t<\/div>\n\t\t<div class=\"elementor-element elementor-element-6b5185e e-flex e-con-boxed e-con e-parent\" data-id=\"6b5185e\" data-element_type=\"container\" data-e-type=\"container\">\n\t\t\t\t\t<div class=\"e-con-inner\">\n\t\t<div class=\"elementor-element elementor-element-3d26001 e-con-full e-flex e-con e-child\" data-id=\"3d26001\" data-element_type=\"container\" data-e-type=\"container\">\n\t\t\t\t<div class=\"elementor-element elementor-element-8d7696a elementor-widget elementor-widget-image\" data-id=\"8d7696a\" data-element_type=\"widget\" data-e-type=\"widget\" data-widget_type=\"image.default\">\n\t\t\t\t<div class=\"elementor-widget-container\">\n\t\t\t\t\t\t\t\t\t\t\t\t\t\t\t<img fetchpriority=\"high\" decoding=\"async\" width=\"300\" height=\"200\" src=\"https:\/\/celine-perrin.fr\/wp-content\/uploads\/2024\/12\/pexels-photo-4185330-4185330-300x200.jpg\" class=\"attachment-medium size-medium wp-image-2189\" alt=\"A cheerful young boy in pajamas brushing his teeth in a brightly lit bathroom.\" srcset=\"https:\/\/celine-perrin.fr\/wp-content\/uploads\/2024\/12\/pexels-photo-4185330-4185330-300x200.jpg 300w, https:\/\/celine-perrin.fr\/wp-content\/uploads\/2024\/12\/pexels-photo-4185330-4185330-1024x683.jpg 1024w, https:\/\/celine-perrin.fr\/wp-content\/uploads\/2024\/12\/pexels-photo-4185330-4185330-768x512.jpg 768w, https:\/\/celine-perrin.fr\/wp-content\/uploads\/2024\/12\/pexels-photo-4185330-4185330-1536x1024.jpg 1536w, https:\/\/celine-perrin.fr\/wp-content\/uploads\/2024\/12\/pexels-photo-4185330-4185330-2048x1365.jpg 2048w\" sizes=\"(max-width: 300px) 100vw, 300px\" \/>\t\t\t\t\t\t\t\t\t\t\t\t\t\t\t<\/div>\n\t\t\t\t<\/div>\n\t\t\t\t<\/div>\n\t\t<div class=\"elementor-element elementor-element-3f71acd e-con-full e-flex e-con e-child\" data-id=\"3f71acd\" data-element_type=\"container\" data-e-type=\"container\">\n\t\t\t\t<div class=\"elementor-element elementor-element-2211148 elementor-widget elementor-widget-text-editor\" data-id=\"2211148\" data-element_type=\"widget\" data-e-type=\"widget\" data-widget_type=\"text-editor.default\">\n\t\t\t\t<div class=\"elementor-widget-container\">\n\t\t\t\t\t\t\t\t\t<h5 style=\"text-align: center;\">Activit\u00e9s de soins personnels<\/h5><ul><li>des difficult\u00e9s \u00e0 r\u00e9aliser les gestes de l\u2019habillage, se brosser les dents, se laver&#8230;<\/li><li><span style=\"font-style: inherit; font-weight: inherit; text-align: var(--text-align); background-color: var(--ast-global-color-4); color: var(--ast-global-color-3);\">des difficult\u00e9s pour la prise du repas&#8230;<\/span><\/li><li>des difficult\u00e9s dans l&rsquo;autonomie en lien avec une probl\u00e9matique sensorielle&#8230;<\/li><\/ul>\t\t\t\t\t\t\t\t<\/div>\n\t\t\t\t<\/div>\n\t\t\t\t<\/div>\n\t\t<div class=\"elementor-element elementor-element-911bbd2 e-con-full e-flex e-con e-child\" data-id=\"911bbd2\" data-element_type=\"container\" data-e-type=\"container\">\n\t\t\t\t<div class=\"elementor-element elementor-element-5ae5ed6 elementor-widget elementor-widget-image\" data-id=\"5ae5ed6\" data-element_type=\"widget\" data-e-type=\"widget\" data-widget_type=\"image.default\">\n\t\t\t\t<div class=\"elementor-widget-container\">\n\t\t\t\t\t\t\t\t\t\t\t\t\t\t\t<img decoding=\"async\" width=\"300\" height=\"200\" src=\"https:\/\/celine-perrin.fr\/wp-content\/uploads\/2024\/12\/child-865116_1280-300x200.jpg\" class=\"attachment-medium size-medium wp-image-2134\" alt=\"\" srcset=\"https:\/\/celine-perrin.fr\/wp-content\/uploads\/2024\/12\/child-865116_1280-300x200.jpg 300w, https:\/\/celine-perrin.fr\/wp-content\/uploads\/2024\/12\/child-865116_1280-1024x682.jpg 1024w, https:\/\/celine-perrin.fr\/wp-content\/uploads\/2024\/12\/child-865116_1280-768x512.jpg 768w, https:\/\/celine-perrin.fr\/wp-content\/uploads\/2024\/12\/child-865116_1280.jpg 1280w\" sizes=\"(max-width: 300px) 100vw, 300px\" \/>\t\t\t\t\t\t\t\t\t\t\t\t\t\t\t<\/div>\n\t\t\t\t<\/div>\n\t\t\t\t<\/div>\n\t\t<div class=\"elementor-element elementor-element-da215ae e-con-full e-flex e-con e-child\" data-id=\"da215ae\" data-element_type=\"container\" data-e-type=\"container\">\n\t\t\t\t<div class=\"elementor-element elementor-element-67501b1 elementor-widget elementor-widget-text-editor\" data-id=\"67501b1\" data-element_type=\"widget\" data-e-type=\"widget\" data-widget_type=\"text-editor.default\">\n\t\t\t\t<div class=\"elementor-widget-container\">\n\t\t\t\t\t\t\t\t\t<h5 style=\"text-align: center;\">Activit\u00e9s de productivit\u00e9<\/h5>\n<ul>\n \t<li>des difficult\u00e9s au niveau de l&rsquo;\u00e9criture, dans la manipulation des outils scolaires, besoin de compenser l&rsquo;\u00e9crit par un MPA (ordinateur, iPad&#8230;)&#8230;\n \t<li>des difficult\u00e9s dans l&rsquo;organisation des t\u00e2ches, \u00e0 rester attentif en classe ou au travail&#8230;<\/li>\n \t<li>des difficult\u00e9s pour aller faire les courses, entretenir sa maison&#8230;<\/li>\n \t<li>des difficult\u00e9s pour reprendre son emploi&#8230;<\/li>\n<\/ul>\t\t\t\t\t\t\t\t<\/div>\n\t\t\t\t<\/div>\n\t\t\t\t<\/div>\n\t\t\t\t\t<\/div>\n\t\t\t\t<\/div>\n\t\t<div class=\"elementor-element elementor-element-c765591 e-flex e-con-boxed e-con e-parent\" data-id=\"c765591\" data-element_type=\"container\" data-e-type=\"container\">\n\t\t\t\t\t<div class=\"e-con-inner\">\n\t\t<div class=\"elementor-element elementor-element-f5e7dbc e-con-full e-flex e-con e-child\" data-id=\"f5e7dbc\" data-element_type=\"container\" data-e-type=\"container\">\n\t\t\t\t<div class=\"elementor-element elementor-element-49a980c elementor-widget elementor-widget-image\" data-id=\"49a980c\" data-element_type=\"widget\" data-e-type=\"widget\" data-widget_type=\"image.default\">\n\t\t\t\t<div class=\"elementor-widget-container\">\n\t\t\t\t\t\t\t\t\t\t\t\t\t\t\t<img decoding=\"async\" width=\"300\" height=\"200\" src=\"https:\/\/celine-perrin.fr\/wp-content\/uploads\/2024\/12\/pexels-photo-6209856-6209856-300x200.jpg\" class=\"attachment-medium size-medium wp-image-2192\" alt=\"A child wearing a yellow jacket and beanie rides a bike on a dirt path outdoors.\" srcset=\"https:\/\/celine-perrin.fr\/wp-content\/uploads\/2024\/12\/pexels-photo-6209856-6209856-300x200.jpg 300w, https:\/\/celine-perrin.fr\/wp-content\/uploads\/2024\/12\/pexels-photo-6209856-6209856-1024x683.jpg 1024w, https:\/\/celine-perrin.fr\/wp-content\/uploads\/2024\/12\/pexels-photo-6209856-6209856-768x512.jpg 768w, https:\/\/celine-perrin.fr\/wp-content\/uploads\/2024\/12\/pexels-photo-6209856-6209856-1536x1024.jpg 1536w, https:\/\/celine-perrin.fr\/wp-content\/uploads\/2024\/12\/pexels-photo-6209856-6209856-2048x1365.jpg 2048w\" sizes=\"(max-width: 300px) 100vw, 300px\" \/>\t\t\t\t\t\t\t\t\t\t\t\t\t\t\t<\/div>\n\t\t\t\t<\/div>\n\t\t\t\t<\/div>\n\t\t<div class=\"elementor-element elementor-element-d60f8dc e-con-full e-flex e-con e-child\" data-id=\"d60f8dc\" data-element_type=\"container\" data-e-type=\"container\">\n\t\t\t\t<div class=\"elementor-element elementor-element-7310f99 elementor-widget elementor-widget-text-editor\" data-id=\"7310f99\" data-element_type=\"widget\" data-e-type=\"widget\" data-widget_type=\"text-editor.default\">\n\t\t\t\t<div class=\"elementor-widget-container\">\n\t\t\t\t\t\t\t\t\t<h5 style=\"text-align: center;\">Activit\u00e9s de loisirs<\/h5><ul><li>votre enfant a des difficult\u00e9s pour attraper une balle, faire du v\u00e9lo&#8230;<\/li><li>vous souhaitez reprendre une activit\u00e9 suite \u00e0 un probl\u00e8me de sant\u00e9&#8230;.<\/li><\/ul>\t\t\t\t\t\t\t\t<\/div>\n\t\t\t\t<\/div>\n\t\t\t\t<\/div>\n\t\t\t\t\t<\/div>\n\t\t\t\t<\/div>\n\t\t<div class=\"elementor-element elementor-element-e2a3e20 e-flex e-con-boxed e-con e-parent\" data-id=\"e2a3e20\" data-element_type=\"container\" data-e-type=\"container\">\n\t\t\t\t\t<div class=\"e-con-inner\">\n\t\t\t\t<div class=\"elementor-element elementor-element-e94e3a4 elementor-widget elementor-widget-heading\" data-id=\"e94e3a4\" data-element_type=\"widget\" data-e-type=\"widget\" data-widget_type=\"heading.default\">\n\t\t\t\t<div class=\"elementor-widget-container\">\n\t\t\t\t\t<h2 class=\"elementor-heading-title elementor-size-default\">Comment se d\u00e9roulent les s\u00e9ances?<\/h2>\t\t\t\t<\/div>\n\t\t\t\t<\/div>\n\t\t\t\t<div class=\"elementor-element elementor-element-98e8538 elementor-widget__width-initial elementor-widget-divider--view-line elementor-widget elementor-widget-divider\" data-id=\"98e8538\" data-element_type=\"widget\" data-e-type=\"widget\" data-widget_type=\"divider.default\">\n\t\t\t\t<div class=\"elementor-widget-container\">\n\t\t\t\t\t\t\t<div class=\"elementor-divider\">\n\t\t\t<span class=\"elementor-divider-separator\">\n\t\t\t\t\t\t<\/span>\n\t\t<\/div>\n\t\t\t\t\t\t<\/div>\n\t\t\t\t<\/div>\n\t\t\t\t\t<\/div>\n\t\t\t\t<\/div>\n\t\t<div class=\"elementor-element elementor-element-964007d e-flex e-con-boxed e-con e-parent\" data-id=\"964007d\" data-element_type=\"container\" data-e-type=\"container\">\n\t\t\t\t\t<div class=\"e-con-inner\">\n\t\t<div class=\"elementor-element elementor-element-bb9e88b e-con-full e-flex e-con e-child\" data-id=\"bb9e88b\" data-element_type=\"container\" data-e-type=\"container\">\n\t\t\t\t<div class=\"elementor-element elementor-element-91b73b0 elementor-widget elementor-widget-text-editor\" data-id=\"91b73b0\" data-element_type=\"widget\" data-e-type=\"widget\" data-widget_type=\"text-editor.default\">\n\t\t\t\t<div class=\"elementor-widget-container\">\n\t\t\t\t\t\t\t\t\t<h6 style=\"text-align: center;\"><span style=\"text-decoration: underline;\">La phase d&rsquo;\u00e9valuation<\/span><\/h6><ul><li>Le bilan en ergoth\u00e9rapie est la premi\u00e8re \u00e9tape du suivi.<\/li><li>Il permet de poser le diagnostic en ergoth\u00e9rapie.<\/li><li>Il aura pour objectifs de montrer comment les troubles observ\u00e9s\u00a0 affectent la performance de la personne dans ses occupations.<\/li><\/ul>\t\t\t\t\t\t\t\t<\/div>\n\t\t\t\t<\/div>\n\t\t\t\t<\/div>\n\t\t<div class=\"elementor-element elementor-element-6405244 e-con-full e-flex e-con e-child\" data-id=\"6405244\" data-element_type=\"container\" data-e-type=\"container\">\n\t\t\t\t<div class=\"elementor-element elementor-element-b4938c5 elementor-widget elementor-widget-text-editor\" data-id=\"b4938c5\" data-element_type=\"widget\" data-e-type=\"widget\" data-widget_type=\"text-editor.default\">\n\t\t\t\t<div class=\"elementor-widget-container\">\n\t\t\t\t\t\t\t\t\t<h6 style=\"text-align: center;\"><span style=\"text-decoration: underline;\">R\u00e9\u00e9ducation &#8211; Stimulation<\/span><\/h6><ul><li>D\u00e9velopper et am\u00e9liorer les gestes du quotidien<\/li><li>R\u00e9\u00e9duquer les capacit\u00e9s gestuelles<br \/>(motricit\u00e9 fine, coordination bimanuelle)<\/li><li>Optimiser les strat\u00e9gies visuo spatiales, d\u00e9velopper les capacit\u00e9s d&rsquo;organisation<\/li><li>Optimiser l&rsquo;utilisation des outils scolaires, r\u00e9\u00e9duquer le graphisme.<\/li><li>Proposer une r\u00e9\u00e9ducation sensitive en cas d&rsquo;allodynie ou difficult\u00e9 de traitement sensoriel<\/li><\/ul>\t\t\t\t\t\t\t\t<\/div>\n\t\t\t\t<\/div>\n\t\t\t\t<\/div>\n\t\t<div class=\"elementor-element elementor-element-ad1dfd2 e-con-full e-flex e-con e-child\" data-id=\"ad1dfd2\" data-element_type=\"container\" data-e-type=\"container\">\n\t\t\t\t<div class=\"elementor-element elementor-element-f9f7bb1 elementor-widget elementor-widget-text-editor\" data-id=\"f9f7bb1\" data-element_type=\"widget\" data-e-type=\"widget\" data-widget_type=\"text-editor.default\">\n\t\t\t\t<div class=\"elementor-widget-container\">\n\t\t\t\t\t\t\t\t\t<h6 style=\"text-align: center;\"><span style=\"text-decoration: underline;\">Am\u00e9nagement-Compensation<\/span><\/h6><div class=\"s-item-subtitle\"><div class=\"s-component s-text\"><div class=\"\"><div class=\"s-component-content s-font-body\"><ul><li>Adapter le poste de travail\u00a0<\/li><li>Pr\u00e9coniser des adaptations de supports p\u00e9dagogiques<\/li><li>Proposer des outils de compensation<br \/>( ordinateur, iPad, CAA, aides techniques&#8230;)<\/li><li>Adapter l&rsquo;environnement au niveau sensoriel<\/li><li>Am\u00e9nagement du domicile<\/li><li>Pr\u00e9conisation de fauteuil roulant (manuel, \u00e9lectrique&#8230;)<\/li><\/ul><\/div><\/div><\/div><\/div><div class=\"s-item-text\" style=\"padding-left: 40px;\"><div class=\"s-component s-text\" style=\"padding-left: 40px;\"><div class=\"\" style=\"padding-left: 40px;\"><div class=\"s-component-content s-font-body\" style=\"padding-left: 40px;\">\u00a0<\/div><\/div><\/div><\/div>\t\t\t\t\t\t\t\t<\/div>\n\t\t\t\t<\/div>\n\t\t\t\t<\/div>\n\t\t<div class=\"elementor-element elementor-element-00a9479 e-con-full e-flex e-con e-child\" data-id=\"00a9479\" data-element_type=\"container\" data-e-type=\"container\">\n\t\t\t\t<div class=\"elementor-element elementor-element-5523bb9 elementor-widget elementor-widget-text-editor\" data-id=\"5523bb9\" data-element_type=\"widget\" data-e-type=\"widget\" data-widget_type=\"text-editor.default\">\n\t\t\t\t<div class=\"elementor-widget-container\">\n\t\t\t\t\t\t\t\t\t<h6 style=\"text-align: center;\"><span style=\"text-decoration: underline;\">Formation-Information<\/span><\/h6><ul><li>Guidance parentale<\/li><li>Intervention dans les \u00e9coles&#8230;<\/li><li>Formation des aidants<\/li><li>Sensibilisation tout public<\/li><\/ul>\t\t\t\t\t\t\t\t<\/div>\n\t\t\t\t<\/div>\n\t\t\t\t<\/div>\n\t\t\t\t\t<\/div>\n\t\t\t\t<\/div>\n\t\t<div class=\"elementor-element elementor-element-c784579 e-flex e-con-boxed e-con e-parent\" data-id=\"c784579\" data-element_type=\"container\" data-e-type=\"container\">\n\t\t\t\t\t<div class=\"e-con-inner\">\n\t\t\t\t<div class=\"elementor-element elementor-element-f845a16 elementor-align-center elementor-widget elementor-widget-button\" data-id=\"f845a16\" data-element_type=\"widget\" data-e-type=\"widget\" data-widget_type=\"button.default\">\n\t\t\t\t<div class=\"elementor-widget-container\">\n\t\t\t\t\t\t\t\t\t<div class=\"elementor-button-wrapper\">\n\t\t\t\t\t<a class=\"elementor-button elementor-button-link elementor-size-sm\" href=\"https:\/\/celine-perrin.fr\/?page_id=1206\">\n\t\t\t\t\t\t<span class=\"elementor-button-content-wrapper\">\n\t\t\t\t\t\t\t\t\t<span class=\"elementor-button-text\">Prendre RDV<\/span>\n\t\t\t\t\t<\/span>\n\t\t\t\t\t<\/a>\n\t\t\t\t<\/div>\n\t\t\t\t\t\t\t\t<\/div>\n\t\t\t\t<\/div>\n\t\t\t\t\t<\/div>\n\t\t\t\t<\/div>\n\t\t\t\t<\/div>\n\t\t","protected":false},"excerpt":{"rendered":"<p>Pour qui? Je prends en charge les patients du tr\u00e8s jeune enfant \u00e0 la personne vieillissante. Les troubles ou pathologies pour lesquelles je peux intervenir sont: Pour les enfants ou adolescents: Trouble du Neuro-D\u00e9veloppement (TSA, TDAH, TDC, TDI, troubles des apprentissages), retard de d\u00e9veloppement ayant un impact sur l&rsquo;autonomie, maladresse gestuelle, difficult\u00e9s au niveau de [&hellip;]<\/p>\n","protected":false},"author":1,"featured_media":0,"parent":0,"menu_order":0,"comment_status":"closed","ping_status":"closed","template":"","meta":{"om_disable_all_campaigns":false,"_monsterinsights_skip_tracking":false,"_monsterinsights_sitenote_active":false,"_monsterinsights_sitenote_note":"","_monsterinsights_sitenote_category":0,"site-sidebar-layout":"no-sidebar","site-content-layout":"page-builder","ast-site-content-layout":"full-width-container","site-content-style":"default","site-sidebar-style":"default","ast-global-header-display":"","ast-banner-title-visibility":"","ast-main-header-display":"","ast-hfb-above-header-display":"","ast-hfb-below-header-display":"","ast-hfb-mobile-header-display":"","site-post-title":"disabled","ast-breadcrumbs-content":"","ast-featured-img":"disabled","footer-sml-layout":"","ast-disable-related-posts":"","theme-transparent-header-meta":"","adv-header-id-meta":"","stick-header-meta":"","header-above-stick-meta":"","header-main-stick-meta":"","header-below-stick-meta":"","astra-migrate-meta-layouts":"set","ast-page-background-enabled":"default","ast-page-background-meta":{"desktop":{"background-color":"","background-image":"","background-repeat":"repeat","background-position":"center center","background-size":"auto","background-attachment":"scroll","background-type":"","background-media":"","overlay-type":"","overlay-color":"","overlay-opacity":"","overlay-gradient":""},"tablet":{"background-color":"","background-image":"","background-repeat":"repeat","background-position":"center center","background-size":"auto","background-attachment":"scroll","background-type":"","background-media":"","overlay-type":"","overlay-color":"","overlay-opacity":"","overlay-gradient":""},"mobile":{"background-color":"","background-image":"","background-repeat":"repeat","background-position":"center center","background-size":"auto","background-attachment":"scroll","background-type":"","background-media":"","overlay-type":"","overlay-color":"","overlay-opacity":"","overlay-gradient":""}},"ast-content-background-meta":{"desktop":{"background-color":"var(--ast-global-color-5)","background-image":"","background-repeat":"repeat","background-position":"center center","background-size":"auto","background-attachment":"scroll","background-type":"","background-media":"","overlay-type":"","overlay-color":"","overlay-opacity":"","overlay-gradient":""},"tablet":{"background-color":"var(--ast-global-color-5)","background-image":"","background-repeat":"repeat","background-position":"center center","background-size":"auto","background-attachment":"scroll","background-type":"","background-media":"","overlay-type":"","overlay-color":"","overlay-opacity":"","overlay-gradient":""},"mobile":{"background-color":"var(--ast-global-color-5)","background-image":"","background-repeat":"repeat","background-position":"center center","background-size":"auto","background-attachment":"scroll","background-type":"","background-media":"","overlay-type":"","overlay-color":"","overlay-opacity":"","overlay-gradient":""}},"footnotes":""},"class_list":["post-2140","page","type-page","status-publish","hentry"],"aioseo_notices":[],"_links":{"self":[{"href":"https:\/\/celine-perrin.fr\/index.php?rest_route=\/wp\/v2\/pages\/2140","targetHints":{"allow":["GET"]}}],"collection":[{"href":"https:\/\/celine-perrin.fr\/index.php?rest_route=\/wp\/v2\/pages"}],"about":[{"href":"https:\/\/celine-perrin.fr\/index.php?rest_route=\/wp\/v2\/types\/page"}],"author":[{"embeddable":true,"href":"https:\/\/celine-perrin.fr\/index.php?rest_route=\/wp\/v2\/users\/1"}],"replies":[{"embeddable":true,"href":"https:\/\/celine-perrin.fr\/index.php?rest_route=%2Fwp%2Fv2%2Fcomments&post=2140"}],"version-history":[{"count":68,"href":"https:\/\/celine-perrin.fr\/index.php?rest_route=\/wp\/v2\/pages\/2140\/revisions"}],"predecessor-version":[{"id":2385,"href":"https:\/\/celine-perrin.fr\/index.php?rest_route=\/wp\/v2\/pages\/2140\/revisions\/2385"}],"wp:attachment":[{"href":"https:\/\/celine-perrin.fr\/index.php?rest_route=%2Fwp%2Fv2%2Fmedia&parent=2140"}],"curies":[{"name":"wp","href":"https:\/\/api.w.org\/{rel}","templated":true}]}}