{"id":3,"date":"2023-11-03T14:51:49","date_gmt":"2023-11-03T13:51:49","guid":{"rendered":"http:\/\/celine-perrin.fr\/?page_id=3"},"modified":"2023-11-18T10:50:24","modified_gmt":"2023-11-18T09:50:24","slug":"politique-de-confidentialite","status":"publish","type":"page","link":"https:\/\/celine-perrin.fr\/?page_id=3","title":{"rendered":"Mentions  l\u00e9gales"},"content":{"rendered":"\t\t<div data-elementor-type=\"wp-page\" data-elementor-id=\"3\" class=\"elementor elementor-3\">\n\t\t\t\t<div class=\"elementor-element elementor-element-24d71888 e-flex e-con-boxed e-con e-parent\" data-id=\"24d71888\" data-element_type=\"container\" data-e-type=\"container\">\n\t\t\t\t\t<div class=\"e-con-inner\">\n\t\t\t\t<div class=\"elementor-element elementor-element-5bcd194d elementor-widget elementor-widget-text-editor\" data-id=\"5bcd194d\" data-element_type=\"widget\" data-e-type=\"widget\" data-widget_type=\"text-editor.default\">\n\t\t\t\t<div class=\"elementor-widget-container\">\n\t\t\t\t\t\t\t\t\t<p><\/p>\n<p><a href=\"https:\/\/www.celine-perrin.fr\/\" target=\"_blank\" rel=\"noopener\" data-cke-saved-href=\"https:\/\/www.rolandcoyac.fr\">www.celine-perrin.fr<\/a> est la propri\u00e9t\u00e9 de Madame C\u00e9line PERRIN psychopraticienne en ma\u00efeusth\u00e9sie &#8211; 540 chemin du mollard, Chiloup, 01250 BOHAS-MEYRIAT-RIGNAT<br \/>Propri\u00e9taire et responsable de la publication : C\u00e9line Perrin<br \/>Contact : contact@celine-perrin.fr \/ 0617993649<br \/>SIRET : 98115345500010<\/p>\n<p>Conception et r\u00e9alisation :\u00a0 C\u00e9line PERRIN \/ mod\u00e8le Word Press Astra<br \/>H\u00e9bergement : <a href=\"https:\/\/www.hostinger.fr\/\">Hostinger<\/a><br \/>Cr\u00e9dit photo : C\u00e9line Perrin \/ <a href=\"https:\/\/pixabay.com\/fr\/\">Pixabay<\/a>\u00a0\/ <a href=\"https:\/\/www.freepik.com\/\">Freepik<\/a><\/p>\n<p><strong>Conditions d\u2019utilisation<\/strong><\/p>\n<p>L\u2019utilisation du pr\u00e9sent site implique l\u2019acceptation pleine et enti\u00e8re des conditions g\u00e9n\u00e9rales d\u2019utilisation d\u00e9crites ci-apr\u00e8s. Ces conditions d\u2019utilisation sont susceptibles d\u2019\u00eatre modifi\u00e9es ou compl\u00e9t\u00e9es \u00e0 tout moment.<\/p>\n<p><strong>Informations<\/strong><\/p>\n<p>Les informations et documents du site sont pr\u00e9sent\u00e9s \u00e0 titre indicatif, ne rev\u00eatent pas un caract\u00e8re exhaustif, et ne peuvent engager la responsabilit\u00e9 du propri\u00e9taire du site.<\/p>\n<p>Le propri\u00e9taire du site ne peut \u00eatre tenu responsable des dommages directs et indirects cons\u00e9cutifs \u00e0 l\u2019acc\u00e8s au site.<\/p>\n<p><strong>Interactivit\u00e9<\/strong><\/p>\n<p>Les utilisateurs du site peuvent \u00e9ventuellement y d\u00e9poser du contenu, apparaissant sur le site dans des espaces d\u00e9di\u00e9s (<em>notamment via les commentaires du blog<\/em>). Le contenu d\u00e9pos\u00e9 reste sous la responsabilit\u00e9 de leurs auteurs, qui en assument pleinement l\u2019enti\u00e8re responsabilit\u00e9 juridique.<\/p>\n<p>Le propri\u00e9taire du site se r\u00e9serve le droit de retirer sans pr\u00e9avis et sans justification tout contenu d\u00e9pos\u00e9 par les utilisateurs qui ne satisferait pas \u00e0 la charte d\u00e9ontologique du site ou \u00e0 la l\u00e9gislation en vigueur.<\/p>\n<p><strong>Propri\u00e9t\u00e9 intellectuelle<\/strong><\/p>\n<p>Sauf mention contraire, tous les \u00e9l\u00e9ments accessibles sur le site (<em>textes, images, graphismes, logo, ic\u00f4nes, sons, logiciels, etc.<\/em>) restent la propri\u00e9t\u00e9 exclusive de leurs auteurs, en ce qui concerne les droits de propri\u00e9t\u00e9 intellectuelle ou les droits d\u2019usage.<\/p>\n<p>Toute reproduction, repr\u00e9sentation, modification, publication, adaptation de tout ou partie des \u00e9l\u00e9ments du site, quel que soit le moyen ou le proc\u00e9d\u00e9 utilis\u00e9, est interdite, sauf autorisation \u00e9crite pr\u00e9alable de l\u2019auteur.<\/p>\n<p>Toute exploitation non autoris\u00e9e du site ou de quelconque des \u00e9l\u00e9ments qu\u2019il contient est consid\u00e9r\u00e9e comme constitutive d\u2019une contrefa\u00e7on et peut \u00eatre poursuivie en justice.<\/p>\n<p>Les marques et logos reproduits sur le site sont d\u00e9pos\u00e9s par les soci\u00e9t\u00e9s qui en sont propri\u00e9taires.<\/p>\n<p><strong>Liens<\/strong><\/p>\n<p><u>Liens sortants<\/u>\u00a0:\u00a0Le propri\u00e9taire du site d\u00e9cline toute responsabilit\u00e9 et n\u2019est pas engag\u00e9 par le r\u00e9f\u00e9rencement via des liens hypertextes, de ressources tierces pr\u00e9sentes sur le r\u00e9seau Internet, tant en ce qui concerne leur contenu que leur pertinence.<\/p>\n<p><u>Liens entrants<\/u>\u00a0: Le propri\u00e9taire du site autorise les liens hypertextes vers l\u2019une des pages de ce site, \u00e0 condition que ceux-ci ouvrent une nouvelle fen\u00eatre et soient pr\u00e9sent\u00e9s de mani\u00e8re non \u00e9quivoque afin d\u2019\u00e9viter : tout risque de confusion entre le site citant et le propri\u00e9taire du site ainsi que toute pr\u00e9sentation tendancieuse, ou contraire aux lois en vigueur.<\/p>\n<p>Le propri\u00e9taire du site se r\u00e9serve le droit de demander la suppression d\u2019un lien s\u2019il estime que le site source ne respecte pas les r\u00e8gles ainsi d\u00e9finies.<\/p>\n<p><strong>Confidentialit\u00e9<\/strong><\/p>\n<p>Tout utilisateur dispose d\u2019un droit d\u2019acc\u00e8s, de rectification et d\u2019opposition aux donn\u00e9es personnelles le concernant, en effectuant sa demande \u00e9crite et sign\u00e9e, accompagn\u00e9e d\u2019une preuve d\u2019identit\u00e9.<\/p>\n<p>Le site ne recueille pas d\u2019informations personnelles, et n\u2019est pas assujetti \u00e0 d\u00e9claration \u00e0 la CNIL.<\/p>\n<p><\/p>\n<p><\/p>\t\t\t\t\t\t\t\t<\/div>\n\t\t\t\t<\/div>\n\t\t\t\t\t<\/div>\n\t\t\t\t<\/div>\n\t\t<div class=\"elementor-element elementor-element-3ba9d4c e-flex e-con-boxed e-con e-parent\" data-id=\"3ba9d4c\" data-element_type=\"container\" data-e-type=\"container\">\n\t\t\t\t\t<div class=\"e-con-inner\">\n\t\t\t\t<div class=\"elementor-element elementor-element-1f8b9cb elementor-widget elementor-widget-heading\" data-id=\"1f8b9cb\" data-element_type=\"widget\" data-e-type=\"widget\" data-widget_type=\"heading.default\">\n\t\t\t\t<div class=\"elementor-widget-container\">\n\t\t\t\t\t<h2 class=\"elementor-heading-title elementor-size-default\">Politique de gestion des donn\u00e9es personnelles<\/h2>\t\t\t\t<\/div>\n\t\t\t\t<\/div>\n\t\t\t\t\t<\/div>\n\t\t\t\t<\/div>\n\t\t<div class=\"elementor-element elementor-element-4e0bf40 e-flex e-con-boxed e-con e-parent\" data-id=\"4e0bf40\" data-element_type=\"container\" data-e-type=\"container\">\n\t\t\t\t\t<div class=\"e-con-inner\">\n\t\t\t\t<div class=\"elementor-element elementor-element-63d52ea elementor-widget elementor-widget-text-editor\" data-id=\"63d52ea\" data-element_type=\"widget\" data-e-type=\"widget\" data-widget_type=\"text-editor.default\">\n\t\t\t\t<div class=\"elementor-widget-container\">\n\t\t\t\t\t\t\t\t\t<p class=\"appdrag-element\">Nous attachons une importance toute particuli\u00e8re \u00e0 la protection de vos donn\u00e9es personnelles.\u00a0<br \/>La pr\u00e9sente Politique de confidentialit\u00e9 a vocation \u00e0 d\u00e9tailler de mani\u00e8re transparente la mani\u00e8re dont nous recueillons, stockons, utilisons et divulguons vos donn\u00e9es personnelles lorsque vous utilisez le site Internet (<em>le \u00ab Site \u00bb<\/em>) et\/ou que vous souhaitez obtenir des services ou informations propos\u00e9s sur le Site (<em>les \u00ab Services \u00bb<\/em>).\u00a0<\/p>\n<p>En utilisant le Site vous acceptez la pr\u00e9sente Politique de confidentialit\u00e9.<\/p>\n<p><strong>A &#8211; Les donn\u00e9es personnelles que vous communiquez<\/strong><\/p>\n<p>Il n\u2019est pas imp\u00e9ratif de transmettre des donn\u00e9es personnelles pour consulter le Site. Nous ne collectons que les donn\u00e9es strictement n\u00e9cessaires \u00e0 la mise en \u0153uvre des Services. Afin de pouvoir b\u00e9n\u00e9ficier de nos services propos\u00e9s certaines pages du Site, il est n\u00e9cessaire de proc\u00e9der \u00e0 une rapide inscription impliquant la communication de votre nom, votre pr\u00e9nom et de votre adresse mail.\u00a0<\/p>\n<p>Si vous utilisez le Formulaire de Contact vous permettant de transmettre des demandes, vous devez \u00e9viter de transmettre des informations confidentielles. En effet d\u00e8s lors que vous n\u2019\u00eates pas un client, ces informations risquent de ne pas \u00eatre couvertes par le secret professionnel et pourraient \u00eatre divulgu\u00e9es \u00e0 des tiers.<\/p>\n<p><strong>B &#8211; Finalit\u00e9s de la collecte des donn\u00e9es<\/strong><\/p>\n<p>Les donn\u00e9es personnelles collect\u00e9es sur le Site sont principalement trait\u00e9es pour les finalit\u00e9s suivantes :\u00a0<br \/>Traitement de vos demandes via le Site ;\u00a0<br \/>Inscription \u00e0 la newsletter ;\u00a0<br \/>Am\u00e9lioration du contenu et de la navigabilit\u00e9 du Site.\u00a0<\/p>\n<p><strong>C &#8211; Partage et transfert des donn\u00e9es\u00a0<\/strong><\/p>\n<p>Les donn\u00e9es collect\u00e9es nous sont uniquement destin\u00e9es. Le cas \u00e9ch\u00e9ant, nous ne partageons vos donn\u00e9es personnelles qu\u2019avec ses prestataires de services identifi\u00e9s, notamment pour la sous-traitance de la r\u00e9alisation des finalit\u00e9s pr\u00e9sent\u00e9es ci-dessus. En aucun cas nous ne c\u00e9dons, vendons ou louons les donn\u00e9es collect\u00e9es \u00e0 des tiers, que ce soit \u00e0 titre on\u00e9reux ou gratuit.\u00a0<\/p>\n<p>Par ailleurs, dans les cas o\u00f9 la loi l\u2019y oblige ou l\u2019y autorise, notamment du fait d\u2019une d\u00e9cision de justice ou de toute autre demande ou exigence l\u00e9gale, nous pourrons \u00eatre amen\u00e9 \u00e0 divulguer ces donn\u00e9es \u00e0 des tiers.<\/p>\n<p>Le Site est h\u00e9berg\u00e9 sur des serveurs du cloud Amazon Web Services.\u00a0<\/p>\n<p><strong>D &#8211; Cookies\u00a0<\/strong><\/p>\n<p><u>Dispositions g\u00e9n\u00e9rales sur les cookies et la collecte automatis\u00e9e de vos donn\u00e9es personnelles\u00a0<\/u><\/p>\n<p>Lors de votre navigation sur le Site, nous sommes susceptibles de recueillir, conform\u00e9ment \u00e0 la l\u00e9gislation applicable et avec votre accord pr\u00e9alable lorsqu\u2019il est requis, des informations relatives \u00e0 vos terminaux ou aux r\u00e9seaux depuis lesquels vous acc\u00e9dez au Site, tels que notamment : adresses IP, donn\u00e9es de connexion, types et versions de navigateurs internet utilis\u00e9s, types et versions des plugins de votre navigateur, syst\u00e8mes et plateformes d\u2019exploitation, donn\u00e9es concernant votre parcours de navigation sur le Site, notamment votre parcours sur les diff\u00e9rentes pages du Site, les contenus que vous consultez, les termes de recherches utilis\u00e9s, la dur\u00e9e de consultation de certaines pages, les interactions avec la page ainsi que tout num\u00e9ro de t\u00e9l\u00e9phone utilis\u00e9 pour nous contacter.<\/p>\n<p>Parmi les technologies utilis\u00e9es pour recueillir ces informations, nous avons notamment recours aux cookies, qui sont des petits fichiers de lettres et de chiffres t\u00e9l\u00e9charg\u00e9s sur votre terminal lorsque vous acc\u00e9dez au Site.\u00a0<\/p>\n<p><u>Pr\u00e9sentation des cookies utilis\u00e9s<\/u><\/p>\n<p>Ces cookies peuvent \u00eatre de diff\u00e9rentes natures :\u00a0<\/p>\n<p>Les\u00a0<em>cookies de fonctionnalit\u00e9s\u00a0<\/em>et les cookies n\u00e9cessaires au fonctionnement du Site : ils sont n\u00e9cessaires au bon fonctionnement du Site ainsi que pour acc\u00e9der \u00e0 ses fonctionnalit\u00e9s destin\u00e9es \u00e0 assurer votre confort de navigation. Ils peuvent encore permettre l\u2019adaptation de l\u2019affichage du Site aux pr\u00e9f\u00e9rences de votre terminal et des logiciels de visualisation install\u00e9s sur votre terminal.\u00a0<\/p>\n<p>Les\u00a0<em>cookies analytiques<\/em>\u00a0: la finalit\u00e9 est de conna\u00eetre la fr\u00e9quentation, l\u2019utilisation et les performances du Site, et d\u2019en am\u00e9liorer le fonctionnement et l\u2019ergonomie (<em>par exemple, les pages le plus souvent consult\u00e9es, les recherches des visiteurs, etc\u2026<\/em>).<\/p>\n<p>Nous utilisons\u00a0 Google Analytics, un service d\u2019analyse statistique de site Internet.\u00a0<\/p>\n<p><u>Gestion des cookies\u00a0<\/u><\/p>\n<p>Sauf d\u00e9cision de votre part de d\u00e9sactiver les cookies selon la proc\u00e9dure d\u00e9crite ci-dessous, le fait de poursuivre la navigation sur le Site vaut consentement \u00e0 l\u2019utilisation des cookies.<\/p>\n<p>Vous pouvez d\u00e9sactiver \u00e0 tout moment et gratuitement l\u2019utilisation des cookies en s\u00e9lectionnant les param\u00e8tres appropri\u00e9s de votre navigateur. Les \u00e9tapes \u00e0 suivre \u00e9tant diff\u00e9rentes pour chaque navigateur, vous pouvez trouver des instructions dans le menu \u00ab Aide \u00bb de votre navigateur, dans la rubrique \u00ab Vos traces \u00bb du site\u00a0<a href=\"https:\/\/www.cnil.fr\/\" target=\"_blank\" rel=\"noopener\" data-cke-saved-href=\"https:\/\/www.cnil.fr\">www.cnil.fr<\/a>\u00a0(<em>Commission Nationale de l\u2019Informatique &amp; des Libert\u00e9s<\/em>).\u00a0<\/p>\n<p>Cependant, nous vous informons qu\u2019une telle d\u00e9sactivation pourrait emp\u00eacher l\u2019utilisation de certaines fonctionnalit\u00e9s du Site.<\/p>\n<p><strong>E &#8211; Dur\u00e9e de conservation<\/strong><\/p>\n<p>Nous conservons ces donn\u00e9es personnelles pour la dur\u00e9e strictement n\u00e9cessaire \u00e0 l\u2019accomplissement des Services et plus g\u00e9n\u00e9ralement des finalit\u00e9s pr\u00e9cit\u00e9es. Pass\u00e9 ce d\u00e9lai, nous archivons les donn\u00e9es personnelles n\u00e9cessaires \u00e0 l\u2019exercice d\u2019un droit et \u00e0 la preuve de ce droit, pour la dur\u00e9e des d\u00e9lais de prescription applicables ou en vertu des obligations l\u00e9gales auxquelles il est soumis.<br \/>Les informations stock\u00e9es au titre des cookies, ou tout autre \u00e9l\u00e9ment utilis\u00e9 pour vous identifier et permettant leur tra\u00e7abilit\u00e9 ainsi que les donn\u00e9es de fr\u00e9quentation brutes associant un identifiant, ne seront pas conserv\u00e9es au-del\u00e0 de treize mois.<\/p>\n<p><strong>F &#8211; S\u00e9curit\u00e9<br \/><\/strong>\u00a0<br \/>Nous avons mis en place des mesures de s\u00e9curit\u00e9 physiques et logiques pour la protection des donn\u00e9es personnelles.<\/p>\n<p><strong>G &#8211; Vos droits<br \/><\/strong>\u00a0<br \/>Conform\u00e9ment aux articles 15 \u00e0 22 du R\u00e8glement G\u00e9n\u00e9ral sur la Protection des Donn\u00e9es du 27 avril 2016, relatif \u00e0 la protection des personnes physiques \u00e0 l\u2019\u00e9gard du traitement des donn\u00e9es \u00e0 caract\u00e8re personnel et \u00e0 la libre circulation de ces donn\u00e9es (<em>2016\/679<\/em>) (<em>\u00ab RGPD \u00bb<\/em>), toute personne physique concern\u00e9e justifiant de son identit\u00e9, b\u00e9n\u00e9ficie d\u2019un droit d\u2019acc\u00e8s, de rectification, d\u2019effacement, d\u2019opposition, \u00e0 la portabilit\u00e9 des donn\u00e9es personnelles la concernant et \u00e0 la limitation des traitements ainsi qu\u2019au sort de ces m\u00eames donn\u00e9es apr\u00e8s la mort. Ces droits peuvent \u00eatre exerc\u00e9s en s\u2019adressant \u00e0 540 chemin du mollard, Chiloup, 01250 BOHAS-MEYRIAT-RIGNAT\u00a0 ou contact@celine-perrin.fr<\/p>\n<p>Toute personne, dont les donn\u00e9es personnelles ont \u00e9t\u00e9 collect\u00e9es par nos services, dispose de la facult\u00e9 de saisir la Commission nationale de l\u2019Informatique et des Libert\u00e9s (<em>dont les coordonn\u00e9es figurent \u00e0 l\u2019adresse\u00a0<a href=\"https:\/\/www.cnil.fr\/fr\/vous-souhaitez-contacter-la-cnil\" target=\"_blank\" rel=\"noopener\" data-cke-saved-href=\"https:\/\/www.cnil.fr\/fr\/vous-souhaitez-contacter-la-cnil\">https:\/\/www.cnil.fr\/fr\/vous-souhaitez-contacter-la-cnil<\/a><\/em>) dans l\u2019hypoth\u00e8se o\u00f9 nous n\u2019aurions pas fait suite \u00e0 une demande dans le d\u00e9lai d\u2019un mois suivant cette demande. Au besoin, ce d\u00e9lai peut \u00eatre prolong\u00e9 de deux mois, compte tenu de la complexit\u00e9 et du nombre de demandes.<\/p>\n<p>De m\u00eame, si vous vous \u00eates abonn\u00e9s aux newsletters ou tout autre service et que vous ne souhaitez plus recevoir de communication de notre part ou que vos donn\u00e9es soient supprim\u00e9es des bases de donn\u00e9es, veuillez envoyer un courrier \u00e9lectronique \u00e0 l\u2019adresse : contact@celine-perrin.fr.<\/p>\n<p><strong>H &#8211; Liens vers des sites internet tiers\u00a0<br \/><\/strong>\u00a0<br \/>Le Site peut contenir des liens vers des sites internet de tiers, qui sont r\u00e9gis par leurs propres politiques de confidentialit\u00e9, conditions d\u2019utilisation et mesures de s\u00e9curit\u00e9, lesquelles peuvent diff\u00e9rer des n\u00f4tres.<\/p>\n<p>Nous ne pouvons \u00eatre tenu responsable du contenu et des pratiques de ces sites internet. C\u2019est pourquoi il vous est recommand\u00e9 de consulter leur politique de confidentialit\u00e9 avant de leur transmettre toute information ou donn\u00e9e vous concernant.\u00a0<\/p>\n<p><strong>I &#8211; Modification des termes de la Politique de confidentialit\u00e9<br \/><\/strong>\u00a0<br \/>Il est possible que nous soyons amen\u00e9s \u00e0 modifier les dispositions de la pr\u00e9sente Politique de confidentialit\u00e9 en fonction des \u00e9volutions l\u00e9gales et r\u00e9glementaires. Le cas \u00e9ch\u00e9ant, les modifications apport\u00e9es prendront effet \u00e0 la date indiqu\u00e9e en haut des pr\u00e9sentes. En continuant \u00e0 utiliser le Site apr\u00e8s cette date, vous acceptez les modifications effectu\u00e9es.\u00a0<\/p>\n<p>Nous vous encourageons \u00e0 consulter la Politique de confidentialit\u00e9 chaque fois que vous utilisez le Site, afin de rester inform\u00e9 des pratiques mise en place en mati\u00e8re d\u2019information et des moyens que vous pouvez utiliser pour prot\u00e9ger votre vie priv\u00e9e.<\/p>\n<p><strong>J &#8211; Contact<br \/><\/strong>\u00a0<br \/>Pour toute information relative \u00e0 la pr\u00e9sente Politique de confidentialit\u00e9, vous pouvez nous contacter \u00e0 l\u2019adresse suivante : contact@celine-perrin.fr.<\/p>\t\t\t\t\t\t\t\t<\/div>\n\t\t\t\t<\/div>\n\t\t\t\t\t<\/div>\n\t\t\t\t<\/div>\n\t\t\t\t<\/div>\n\t\t","protected":false},"excerpt":{"rendered":"<p>www.celine-perrin.fr est la propri\u00e9t\u00e9 de Madame C\u00e9line PERRIN psychopraticienne en ma\u00efeusth\u00e9sie &#8211; 540 chemin du mollard, Chiloup, 01250 BOHAS-MEYRIAT-RIGNATPropri\u00e9taire et responsable de la publication : C\u00e9line PerrinContact : contact@celine-perrin.fr \/ 0617993649SIRET : 98115345500010 Conception et r\u00e9alisation :\u00a0 C\u00e9line PERRIN \/ mod\u00e8le Word Press AstraH\u00e9bergement : HostingerCr\u00e9dit photo : C\u00e9line Perrin \/ Pixabay\u00a0\/ Freepik Conditions d\u2019utilisation [&hellip;]<\/p>\n","protected":false},"author":1,"featured_media":0,"parent":0,"menu_order":0,"comment_status":"closed","ping_status":"closed","template":"elementor_header_footer","meta":{"om_disable_all_campaigns":false,"_monsterinsights_skip_tracking":false,"_monsterinsights_sitenote_active":false,"_monsterinsights_sitenote_note":"","_monsterinsights_sitenote_category":0,"site-sidebar-layout":"default","site-content-layout":"","ast-site-content-layout":"default","site-content-style":"default","site-sidebar-style":"default","ast-global-header-display":"","ast-banner-title-visibility":"","ast-main-header-display":"","ast-hfb-above-header-display":"","ast-hfb-below-header-display":"","ast-hfb-mobile-header-display":"","site-post-title":"","ast-breadcrumbs-content":"","ast-featured-img":"","footer-sml-layout":"","ast-disable-related-posts":"","theme-transparent-header-meta":"","adv-header-id-meta":"","stick-header-meta":"","header-above-stick-meta":"","header-main-stick-meta":"","header-below-stick-meta":"","astra-migrate-meta-layouts":"set","ast-page-background-enabled":"default","ast-page-background-meta":{"desktop":{"background-color":"","background-image":"","background-repeat":"repeat","background-position":"center center","background-size":"auto","background-attachment":"scroll","background-type":"","background-media":"","overlay-type":"","overlay-color":"","overlay-opacity":"","overlay-gradient":""},"tablet":{"background-color":"","background-image":"","background-repeat":"repeat","background-position":"center center","background-size":"auto","background-attachment":"scroll","background-type":"","background-media":"","overlay-type":"","overlay-color":"","overlay-opacity":"","overlay-gradient":""},"mobile":{"background-color":"","background-image":"","background-repeat":"repeat","background-position":"center center","background-size":"auto","background-attachment":"scroll","background-type":"","background-media":"","overlay-type":"","overlay-color":"","overlay-opacity":"","overlay-gradient":""}},"ast-content-background-meta":{"desktop":{"background-color":"var(--ast-global-color-5)","background-image":"","background-repeat":"repeat","background-position":"center center","background-size":"auto","background-attachment":"scroll","background-type":"","background-media":"","overlay-type":"","overlay-color":"","overlay-opacity":"","overlay-gradient":""},"tablet":{"background-color":"var(--ast-global-color-5)","background-image":"","background-repeat":"repeat","background-position":"center center","background-size":"auto","background-attachment":"scroll","background-type":"","background-media":"","overlay-type":"","overlay-color":"","overlay-opacity":"","overlay-gradient":""},"mobile":{"background-color":"var(--ast-global-color-5)","background-image":"","background-repeat":"repeat","background-position":"center center","background-size":"auto","background-attachment":"scroll","background-type":"","background-media":"","overlay-type":"","overlay-color":"","overlay-opacity":"","overlay-gradient":""}},"footnotes":""},"class_list":["post-3","page","type-page","status-publish","hentry"],"aioseo_notices":[],"_links":{"self":[{"href":"https:\/\/celine-perrin.fr\/index.php?rest_route=\/wp\/v2\/pages\/3","targetHints":{"allow":["GET"]}}],"collection":[{"href":"https:\/\/celine-perrin.fr\/index.php?rest_route=\/wp\/v2\/pages"}],"about":[{"href":"https:\/\/celine-perrin.fr\/index.php?rest_route=\/wp\/v2\/types\/page"}],"author":[{"embeddable":true,"href":"https:\/\/celine-perrin.fr\/index.php?rest_route=\/wp\/v2\/users\/1"}],"replies":[{"embeddable":true,"href":"https:\/\/celine-perrin.fr\/index.php?rest_route=%2Fwp%2Fv2%2Fcomments&post=3"}],"version-history":[{"count":19,"href":"https:\/\/celine-perrin.fr\/index.php?rest_route=\/wp\/v2\/pages\/3\/revisions"}],"predecessor-version":[{"id":2060,"href":"https:\/\/celine-perrin.fr\/index.php?rest_route=\/wp\/v2\/pages\/3\/revisions\/2060"}],"wp:attachment":[{"href":"https:\/\/celine-perrin.fr\/index.php?rest_route=%2Fwp%2Fv2%2Fmedia&parent=3"}],"curies":[{"name":"wp","href":"https:\/\/api.w.org\/{rel}","templated":true}]}}