{"id":621,"date":"2019-04-17T10:04:40","date_gmt":"2019-04-17T10:04:40","guid":{"rendered":"https:\/\/celine-perrin.fr\/?page_id=621"},"modified":"2024-12-30T21:37:46","modified_gmt":"2024-12-30T20:37:46","slug":"about","status":"publish","type":"page","link":"https:\/\/celine-perrin.fr\/?page_id=621","title":{"rendered":"Ma\u00efeusth\u00e9sie"},"content":{"rendered":"\t\t<div data-elementor-type=\"wp-post\" data-elementor-id=\"621\" class=\"elementor elementor-621\">\n\t\t\t\t\t\t<section class=\"elementor-section elementor-top-section elementor-element elementor-element-13a93292 elementor-section-boxed elementor-section-height-default elementor-section-height-default\" data-id=\"13a93292\" data-element_type=\"section\" data-e-type=\"section\" data-settings=\"{&quot;background_background&quot;:&quot;classic&quot;}\">\n\t\t\t\t\t\t\t<div class=\"elementor-background-overlay\"><\/div>\n\t\t\t\t\t\t\t<div class=\"elementor-container elementor-column-gap-default\">\n\t\t\t\t\t<div class=\"elementor-column elementor-col-100 elementor-top-column elementor-element elementor-element-25748b2d\" data-id=\"25748b2d\" data-element_type=\"column\" data-e-type=\"column\">\n\t\t\t<div class=\"elementor-widget-wrap elementor-element-populated\">\n\t\t\t\t\t\t<div class=\"elementor-element elementor-element-253d822f elementor-widget elementor-widget-heading\" data-id=\"253d822f\" data-element_type=\"widget\" data-e-type=\"widget\" data-widget_type=\"heading.default\">\n\t\t\t\t<div class=\"elementor-widget-container\">\n\t\t\t\t\t<h2 class=\"elementor-heading-title elementor-size-default\">La ma\u00efeusth\u00e9sie<\/h2>\t\t\t\t<\/div>\n\t\t\t\t<\/div>\n\t\t\t\t<div class=\"elementor-element elementor-element-1dca66c4 elementor-widget__width-initial elementor-widget-mobile__width-initial elementor-widget-divider--view-line elementor-widget elementor-widget-divider\" data-id=\"1dca66c4\" data-element_type=\"widget\" data-e-type=\"widget\" data-widget_type=\"divider.default\">\n\t\t\t\t<div class=\"elementor-widget-container\">\n\t\t\t\t\t\t\t<div class=\"elementor-divider\">\n\t\t\t<span class=\"elementor-divider-separator\">\n\t\t\t\t\t\t<\/span>\n\t\t<\/div>\n\t\t\t\t\t\t<\/div>\n\t\t\t\t<\/div>\n\t\t\t\t\t<\/div>\n\t\t<\/div>\n\t\t\t\t\t<\/div>\n\t\t<\/section>\n\t\t<div class=\"elementor-element elementor-element-9b0da05 e-flex e-con-boxed e-con e-parent\" data-id=\"9b0da05\" data-element_type=\"container\" data-e-type=\"container\">\n\t\t\t\t\t<div class=\"e-con-inner\">\n\t\t<div class=\"elementor-element elementor-element-7d3cd9e e-con-full e-flex e-con e-child\" data-id=\"7d3cd9e\" data-element_type=\"container\" data-e-type=\"container\">\n\t\t\t\t<div class=\"elementor-element elementor-element-cc2d699 elementor-widget elementor-widget-image\" data-id=\"cc2d699\" data-element_type=\"widget\" data-e-type=\"widget\" data-widget_type=\"image.default\">\n\t\t\t\t<div class=\"elementor-widget-container\">\n\t\t\t\t\t\t\t\t\t\t\t\t\t\t\t<img fetchpriority=\"high\" decoding=\"async\" width=\"682\" height=\"1024\" src=\"https:\/\/celine-perrin.fr\/wp-content\/uploads\/2023\/11\/dawn-1867201_1280-682x1024.jpg\" class=\"attachment-large size-large wp-image-1698\" alt=\"\" srcset=\"https:\/\/celine-perrin.fr\/wp-content\/uploads\/2023\/11\/dawn-1867201_1280-682x1024.jpg 682w, https:\/\/celine-perrin.fr\/wp-content\/uploads\/2023\/11\/dawn-1867201_1280-200x300.jpg 200w, https:\/\/celine-perrin.fr\/wp-content\/uploads\/2023\/11\/dawn-1867201_1280-768x1152.jpg 768w, https:\/\/celine-perrin.fr\/wp-content\/uploads\/2023\/11\/dawn-1867201_1280-600x900.jpg 600w, https:\/\/celine-perrin.fr\/wp-content\/uploads\/2023\/11\/dawn-1867201_1280.jpg 853w\" sizes=\"(max-width: 682px) 100vw, 682px\" \/>\t\t\t\t\t\t\t\t\t\t\t\t\t\t\t<\/div>\n\t\t\t\t<\/div>\n\t\t\t\t<\/div>\n\t\t<div class=\"elementor-element elementor-element-91539ee e-con-full e-flex e-con e-child\" data-id=\"91539ee\" data-element_type=\"container\" data-e-type=\"container\">\n\t\t\t\t<div class=\"elementor-element elementor-element-8b2e48d elementor-widget elementor-widget-text-editor\" data-id=\"8b2e48d\" data-element_type=\"widget\" data-e-type=\"widget\" data-widget_type=\"text-editor.default\">\n\t\t\t\t<div class=\"elementor-widget-container\">\n\t\t\t\t\t\t\t\t\t<p>La ma\u00efeusth\u00e9sie est une nouvelle&nbsp;approche th\u00e9rapeutique&nbsp;et de communication, fond\u00e9e par Thierry Tournebise dans les ann\u00e9es 80.<\/p>\n<p>Le mot \u00ab ma\u00efeusth\u00e9sie \u00bb vient de \u00ab Maieutk\u00e9 \u00bb, l\u2019art d\u2019accoucher de quelqu\u2019un, et de \u00abAisthanesthai \u00bb, sensibilit\u00e9, art de percevoir.<\/p>\n<p>La ma\u00efeusth\u00e9sie, c\u2019est donc l\u2019art d\u2019\u00eatre sensible au processus&nbsp; d&rsquo;accouchement, de naissance du Soi.<\/p>\n<p>Selon la ma\u00efeusth\u00e9sie, notre psych\u00e9 est compos\u00e9e de l&rsquo;\u00eatre que nous sommes aujourd&rsquo;hui,<span style=\"font-style: inherit; font-weight: inherit; background-color: var(--ast-global-color-4); color: var(--ast-global-color-3);\">&nbsp;de tous les \u00eatres que nous avons \u00e9t\u00e9 depuis notre conception et de tous ceux dont nous sommes issus.<\/span><\/p>\n<p><span style=\"font-style: inherit; font-weight: inherit; background-color: var(--ast-global-color-4); color: var(--ast-global-color-3);\">Les circonstances de la vie font que, par moment, certains \u00eatres (ou part de soi) en souffrance vont \u00eatre mis de c\u00f4t\u00e9 pour se prot\u00e9ger, pour ne pas ressentir cette douleur. Ce clivage nous permet de continuer \u00e0 avancer dans notre vie&#8230;. jusqu&rsquo;\u00e0 un point de rupture qui cr\u00e9e un sympt\u00f4me (mal \u00eatre, douleurs&#8230;).<\/span><\/p>\n<p>L&rsquo;accompagnement th\u00e9rapeutique en ma\u00efeusth\u00e9sie va donc permettre \u00e0 la personne accompagn\u00e9e, de&nbsp;faire na\u00eetre \u00e0 sa conscience l&rsquo;\u00eatre qui appelle en elle, \u00e0 travers ses sympt\u00f4mes, et qui n&rsquo;a pas \u00e9t\u00e9 entendu.&nbsp;<\/p>\n<p>Le&nbsp;sympt\u00f4me&nbsp;est vu en ma\u00efeusth\u00e9sie comme \u00e9tant&nbsp;sp\u00e9cialement pr\u00e9sent pour permettre ce chemin en soi.&nbsp;<span style=\"font-style: inherit; font-weight: inherit; background-color: var(--ast-global-color-4); color: var(--ast-global-color-3);\">Suivre le fil de ce sympt\u00f4me gr\u00e2ce au guidage du th\u00e9rapeute permet d&rsquo;arriver \u00e0 ce qui appelle en soi et qui n&rsquo;\u00e9tait pas conscient.<\/span><\/p>\n<p>On ne cherche donc pas \u00e0 \u00e9liminer, combattre ou changer ce qui vit en soi, mais plut\u00f4t \u00e0&nbsp;rencontrer et \u00e0 prendre la mesure du ressenti qui a \u00e9t\u00e9 \u00e9prouv\u00e9. On ne cherche pas \u00e0 se raconter mais \u00e0 se rencontrer v\u00e9ritablement.<\/p>\t\t\t\t\t\t\t\t<\/div>\n\t\t\t\t<\/div>\n\t\t\t\t<\/div>\n\t\t<div class=\"elementor-element elementor-element-1404e3f e-con-full e-flex e-con e-child\" data-id=\"1404e3f\" data-element_type=\"container\" data-e-type=\"container\">\n\t\t\t\t<div class=\"elementor-element elementor-element-8c5717c elementor-widget elementor-widget-text-editor\" data-id=\"8c5717c\" data-element_type=\"widget\" data-e-type=\"widget\" data-widget_type=\"text-editor.default\">\n\t\t\t\t<div class=\"elementor-widget-container\">\n\t\t\t\t\t\t\t\t\t<p>C&rsquo;est pr\u00e9cis\u00e9ment cette rencontre, cette reconnaissance du ressenti, dans la nature et la mesure de ce qui est v\u00e9cu qui permet un\u00a0apaisement rapide et durable des sympt\u00f4mes.<\/p><p style=\"text-align: center;\"><strong>L&rsquo; intention de la ma\u00efeusth\u00e9sie est donc d\u2019int\u00e9grer, de rassembler tous les \u00eatres (ou parts de soi) pour plus de compl\u00e9tude, pour plus d&rsquo;enti\u00e8ret\u00e9.<\/strong><\/p>\t\t\t\t\t\t\t\t<\/div>\n\t\t\t\t<\/div>\n\t\t\t\t<\/div>\n\t\t\t\t\t<\/div>\n\t\t\t\t<\/div>\n\t\t<div class=\"elementor-element elementor-element-dbeb753 e-flex e-con-boxed e-con e-parent\" data-id=\"dbeb753\" data-element_type=\"container\" data-e-type=\"container\">\n\t\t\t\t\t<div class=\"e-con-inner\">\n\t\t\t\t<div class=\"elementor-element elementor-element-7b4d910 elementor-align-center elementor-widget elementor-widget-button\" data-id=\"7b4d910\" data-element_type=\"widget\" data-e-type=\"widget\" data-widget_type=\"button.default\">\n\t\t\t\t<div class=\"elementor-widget-container\">\n\t\t\t\t\t\t\t\t\t<div class=\"elementor-button-wrapper\">\n\t\t\t\t\t<a class=\"elementor-button elementor-button-link elementor-size-sm\" href=\"https:\/\/celine-perrin.fr\/?page_id=1206\">\n\t\t\t\t\t\t<span class=\"elementor-button-content-wrapper\">\n\t\t\t\t\t\t\t\t\t<span class=\"elementor-button-text\">Prendre RDV<\/span>\n\t\t\t\t\t<\/span>\n\t\t\t\t\t<\/a>\n\t\t\t\t<\/div>\n\t\t\t\t\t\t\t\t<\/div>\n\t\t\t\t<\/div>\n\t\t\t\t<div class=\"elementor-element elementor-element-c815134 elementor-widget elementor-widget-spacer\" data-id=\"c815134\" data-element_type=\"widget\" data-e-type=\"widget\" data-widget_type=\"spacer.default\">\n\t\t\t\t<div class=\"elementor-widget-container\">\n\t\t\t\t\t\t\t<div class=\"elementor-spacer\">\n\t\t\t<div class=\"elementor-spacer-inner\"><\/div>\n\t\t<\/div>\n\t\t\t\t\t\t<\/div>\n\t\t\t\t<\/div>\n\t\t\t\t<div class=\"elementor-element elementor-element-c54141c elementor-widget elementor-widget-heading\" data-id=\"c54141c\" data-element_type=\"widget\" data-e-type=\"widget\" data-widget_type=\"heading.default\">\n\t\t\t\t<div class=\"elementor-widget-container\">\n\t\t\t\t\t<h2 class=\"elementor-heading-title elementor-size-default\">Pour en savoir plus sur la ma\u00efeusth\u00e9sie...<\/h2>\t\t\t\t<\/div>\n\t\t\t\t<\/div>\n\t\t\t\t<div class=\"elementor-element elementor-element-6aaa6d6 elementor-widget-divider--view-line elementor-widget elementor-widget-divider\" data-id=\"6aaa6d6\" data-element_type=\"widget\" data-e-type=\"widget\" data-widget_type=\"divider.default\">\n\t\t\t\t<div class=\"elementor-widget-container\">\n\t\t\t\t\t\t\t<div class=\"elementor-divider\">\n\t\t\t<span class=\"elementor-divider-separator\">\n\t\t\t\t\t\t<\/span>\n\t\t<\/div>\n\t\t\t\t\t\t<\/div>\n\t\t\t\t<\/div>\n\t\t\t\t\t<\/div>\n\t\t\t\t<\/div>\n\t\t<div class=\"elementor-element elementor-element-2c01f4c e-flex e-con-boxed e-con e-parent\" data-id=\"2c01f4c\" data-element_type=\"container\" data-e-type=\"container\">\n\t\t\t\t\t<div class=\"e-con-inner\">\n\t\t\t\t<div class=\"elementor-element elementor-element-6cfdaa4 elementor-widget elementor-widget-text-editor\" data-id=\"6cfdaa4\" data-element_type=\"widget\" data-e-type=\"widget\" data-widget_type=\"text-editor.default\">\n\t\t\t\t<div class=\"elementor-widget-container\">\n\t\t\t\t\t\t\t\t\t<p style=\"text-align: center;\">Voici quelques liens vers des vid\u00e9os qui pourraient vous \u00e9clairer sur la ma\u00efeusth\u00e9sie. Vous pouvez \u00e9galement consult\u00e9 le site internet de Thierry Tournebise <a href=\"https:\/\/www.maieusthesie.com\/\">www.maieusthesie.com<\/a><\/p>\t\t\t\t\t\t\t\t<\/div>\n\t\t\t\t<\/div>\n\t\t\t\t\t<\/div>\n\t\t\t\t<\/div>\n\t\t<div class=\"elementor-element elementor-element-77a0b49 e-flex e-con-boxed e-con e-parent\" data-id=\"77a0b49\" data-element_type=\"container\" data-e-type=\"container\">\n\t\t\t\t\t<div class=\"e-con-inner\">\n\t\t<div class=\"elementor-element elementor-element-1ff8d3f e-con-full e-flex e-con e-child\" data-id=\"1ff8d3f\" data-element_type=\"container\" data-e-type=\"container\">\n\t\t\t\t<div class=\"elementor-element elementor-element-193d0f0 elementor-widget elementor-widget-video\" data-id=\"193d0f0\" data-element_type=\"widget\" data-e-type=\"widget\" data-settings=\"{&quot;youtube_url&quot;:&quot;https:\\\/\\\/www.youtube.com\\\/watch?v=L9XJqIVsAJs&amp;ab_channel=SimonLucas&quot;,&quot;video_type&quot;:&quot;youtube&quot;,&quot;controls&quot;:&quot;yes&quot;}\" data-widget_type=\"video.default\">\n\t\t\t\t<div class=\"elementor-widget-container\">\n\t\t\t\t\t\t\t<div class=\"elementor-wrapper elementor-open-inline\">\n\t\t\t<div class=\"elementor-video\"><\/div>\t\t<\/div>\n\t\t\t\t\t\t<\/div>\n\t\t\t\t<\/div>\n\t\t\t\t<\/div>\n\t\t<div class=\"elementor-element elementor-element-c46ff75 e-con-full e-flex e-con e-child\" data-id=\"c46ff75\" data-element_type=\"container\" data-e-type=\"container\">\n\t\t\t\t<div class=\"elementor-element elementor-element-7a16f80 elementor-widget elementor-widget-video\" data-id=\"7a16f80\" data-element_type=\"widget\" data-e-type=\"widget\" data-settings=\"{&quot;youtube_url&quot;:&quot;https:\\\/\\\/www.youtube.com\\\/watch?v=UaKnnIa9Iik&amp;ab_channel=PaulineWald&quot;,&quot;video_type&quot;:&quot;youtube&quot;,&quot;controls&quot;:&quot;yes&quot;}\" data-widget_type=\"video.default\">\n\t\t\t\t<div class=\"elementor-widget-container\">\n\t\t\t\t\t\t\t<div class=\"elementor-wrapper elementor-open-inline\">\n\t\t\t<div class=\"elementor-video\"><\/div>\t\t<\/div>\n\t\t\t\t\t\t<\/div>\n\t\t\t\t<\/div>\n\t\t\t\t<\/div>\n\t\t<div class=\"elementor-element elementor-element-a6e206f e-con-full e-flex e-con e-child\" data-id=\"a6e206f\" data-element_type=\"container\" data-e-type=\"container\">\n\t\t\t\t<div class=\"elementor-element elementor-element-bce13ec elementor-widget elementor-widget-video\" data-id=\"bce13ec\" data-element_type=\"widget\" data-e-type=\"widget\" data-settings=\"{&quot;youtube_url&quot;:&quot;https:\\\/\\\/www.youtube.com\\\/watch?v=uQKbS1wWADk&amp;ab_channel=AssociationCheminerAvecLaMa%C3%AFeusth%C3%A9sie&quot;,&quot;video_type&quot;:&quot;youtube&quot;,&quot;controls&quot;:&quot;yes&quot;}\" data-widget_type=\"video.default\">\n\t\t\t\t<div class=\"elementor-widget-container\">\n\t\t\t\t\t\t\t<div class=\"elementor-wrapper elementor-open-inline\">\n\t\t\t<div class=\"elementor-video\"><\/div>\t\t<\/div>\n\t\t\t\t\t\t<\/div>\n\t\t\t\t<\/div>\n\t\t\t\t<\/div>\n\t\t<div class=\"elementor-element elementor-element-0b4ed8d e-con-full e-flex e-con e-child\" data-id=\"0b4ed8d\" data-element_type=\"container\" data-e-type=\"container\">\n\t\t\t\t<div class=\"elementor-element elementor-element-b846e4c elementor-widget elementor-widget-video\" data-id=\"b846e4c\" data-element_type=\"widget\" data-e-type=\"widget\" data-settings=\"{&quot;youtube_url&quot;:&quot;https:\\\/\\\/youtu.be\\\/IQgSGOdrjK0?si=XlLIY1tQrBcUVvvT&quot;,&quot;video_type&quot;:&quot;youtube&quot;,&quot;controls&quot;:&quot;yes&quot;}\" data-widget_type=\"video.default\">\n\t\t\t\t<div class=\"elementor-widget-container\">\n\t\t\t\t\t\t\t<div class=\"elementor-wrapper elementor-open-inline\">\n\t\t\t<div class=\"elementor-video\"><\/div>\t\t<\/div>\n\t\t\t\t\t\t<\/div>\n\t\t\t\t<\/div>\n\t\t\t\t<\/div>\n\t\t\t\t\t<\/div>\n\t\t\t\t<\/div>\n\t\t\t\t<\/div>\n\t\t","protected":false},"excerpt":{"rendered":"<p>La ma\u00efeusth\u00e9sie La ma\u00efeusth\u00e9sie est une nouvelle&nbsp;approche th\u00e9rapeutique&nbsp;et de communication, fond\u00e9e par Thierry Tournebise dans les ann\u00e9es 80. Le mot \u00ab ma\u00efeusth\u00e9sie \u00bb vient de \u00ab Maieutk\u00e9 \u00bb, l\u2019art d\u2019accoucher de quelqu\u2019un, et de \u00abAisthanesthai \u00bb, sensibilit\u00e9, art de percevoir. La ma\u00efeusth\u00e9sie, c\u2019est donc l\u2019art d\u2019\u00eatre sensible au processus&nbsp; d&rsquo;accouchement, de naissance du Soi. Selon [&hellip;]<\/p>\n","protected":false},"author":1,"featured_media":0,"parent":0,"menu_order":0,"comment_status":"closed","ping_status":"closed","template":"elementor_header_footer","meta":{"om_disable_all_campaigns":false,"_monsterinsights_skip_tracking":false,"_monsterinsights_sitenote_active":false,"_monsterinsights_sitenote_note":"","_monsterinsights_sitenote_category":0,"site-sidebar-layout":"no-sidebar","site-content-layout":"page-builder","ast-site-content-layout":"full-width-container","site-content-style":"unboxed","site-sidebar-style":"unboxed","ast-global-header-display":"","ast-banner-title-visibility":"","ast-main-header-display":"","ast-hfb-above-header-display":"","ast-hfb-below-header-display":"","ast-hfb-mobile-header-display":"","site-post-title":"disabled","ast-breadcrumbs-content":"","ast-featured-img":"disabled","footer-sml-layout":"","ast-disable-related-posts":"","theme-transparent-header-meta":"default","adv-header-id-meta":"","stick-header-meta":"","header-above-stick-meta":"","header-main-stick-meta":"","header-below-stick-meta":"","astra-migrate-meta-layouts":"set","ast-page-background-enabled":"default","ast-page-background-meta":{"desktop":{"background-color":"","background-image":"","background-repeat":"repeat","background-position":"center center","background-size":"auto","background-attachment":"scroll","background-type":"","background-media":"","overlay-type":"","overlay-color":"","overlay-opacity":"","overlay-gradient":""},"tablet":{"background-color":"","background-image":"","background-repeat":"repeat","background-position":"center center","background-size":"auto","background-attachment":"scroll","background-type":"","background-media":"","overlay-type":"","overlay-color":"","overlay-opacity":"","overlay-gradient":""},"mobile":{"background-color":"","background-image":"","background-repeat":"repeat","background-position":"center center","background-size":"auto","background-attachment":"scroll","background-type":"","background-media":"","overlay-type":"","overlay-color":"","overlay-opacity":"","overlay-gradient":""}},"ast-content-background-meta":{"desktop":{"background-color":"var(--ast-global-color-5)","background-image":"","background-repeat":"repeat","background-position":"center center","background-size":"auto","background-attachment":"scroll","background-type":"","background-media":"","overlay-type":"","overlay-color":"","overlay-opacity":"","overlay-gradient":""},"tablet":{"background-color":"var(--ast-global-color-5)","background-image":"","background-repeat":"repeat","background-position":"center center","background-size":"auto","background-attachment":"scroll","background-type":"","background-media":"","overlay-type":"","overlay-color":"","overlay-opacity":"","overlay-gradient":""},"mobile":{"background-color":"var(--ast-global-color-5)","background-image":"","background-repeat":"repeat","background-position":"center center","background-size":"auto","background-attachment":"scroll","background-type":"","background-media":"","overlay-type":"","overlay-color":"","overlay-opacity":"","overlay-gradient":""}},"footnotes":""},"class_list":["post-621","page","type-page","status-publish","hentry"],"aioseo_notices":[],"_links":{"self":[{"href":"https:\/\/celine-perrin.fr\/index.php?rest_route=\/wp\/v2\/pages\/621","targetHints":{"allow":["GET"]}}],"collection":[{"href":"https:\/\/celine-perrin.fr\/index.php?rest_route=\/wp\/v2\/pages"}],"about":[{"href":"https:\/\/celine-perrin.fr\/index.php?rest_route=\/wp\/v2\/types\/page"}],"author":[{"embeddable":true,"href":"https:\/\/celine-perrin.fr\/index.php?rest_route=\/wp\/v2\/users\/1"}],"replies":[{"embeddable":true,"href":"https:\/\/celine-perrin.fr\/index.php?rest_route=%2Fwp%2Fv2%2Fcomments&post=621"}],"version-history":[{"count":103,"href":"https:\/\/celine-perrin.fr\/index.php?rest_route=\/wp\/v2\/pages\/621\/revisions"}],"predecessor-version":[{"id":2285,"href":"https:\/\/celine-perrin.fr\/index.php?rest_route=\/wp\/v2\/pages\/621\/revisions\/2285"}],"wp:attachment":[{"href":"https:\/\/celine-perrin.fr\/index.php?rest_route=%2Fwp%2Fv2%2Fmedia&parent=621"}],"curies":[{"name":"wp","href":"https:\/\/api.w.org\/{rel}","templated":true}]}}